{"id":49437,"date":"2026-03-10T16:04:26","date_gmt":"2026-03-10T15:04:26","guid":{"rendered":"https:\/\/evowatt.ch\/produit\/kostal-piko-ci-100\/"},"modified":"2026-03-10T16:04:26","modified_gmt":"2026-03-10T15:04:26","slug":"kostal-piko-ci-100","status":"publish","type":"product","link":"https:\/\/evowatt.ch\/de\/produkt\/kostal-piko-ci-100\/","title":{"rendered":"Kostal PIKO CI 100"},"content":{"rendered":"<p>Transformatorloser String-Wechselrichter mit 8 MPP-Trackern und 16 DC-Eing\u00e4ngen, einschlie\u00dflich integriertem DC-Lasttrennschalter und dreiphasiger Einspeisung. Einfache und kosteng\u00fcnstige DC-Installation ohne Stringsammelbox.<br \/>\nHohe Schutzklasse mit IP66, hohe Eingangsspannung<br \/>\n(max. 1&#8217;100 V). Integrierter KOSTAL Smart AC Switch, ersetzt den externen Koppelschalter. Integrierter \u00dcberspannungsschutz Typ 2 auf der AC- und DC-Seite.<br \/>\nKabel\u00fcberwachung durch interne Lichtbogenerkennung (AFCI)<br \/>\nFlexible Gestaltung des Generators durch \u00dcbersteuerung von bis zu 50 % (DC zu AC)<br \/>\nweniger<br \/>\nr externe Kopplung. Integrierter \u00dcberspannungsschutz vom Typ 2 auf der Wechsel- und Gleichstromseite.<br \/>\nKabel\u00fcberwachung durch interne Lichtbogenerkennung (AFCI)<br \/>\nFlexibles Generatordesign mit bis zu 50 % \u00dcberlastung (DC zu AC).    <\/p>\n","protected":false},"excerpt":{"rendered":"<ul>\n<li><strong>Kategorie<\/strong>: String-Wechselrichter<\/li>\n<li><strong>AC-Leistung<\/strong>: 100.00 kW<\/li>\n<li><strong>Netzanschluss<\/strong>: Dreiphasig, 400V<\/li>\n<li><strong>MPPT<\/strong>: 8<\/li>\n<li><strong>Eingang \u00fcber MPPT<\/strong>: 2<\/li>\n<li><strong>Blitzableiter DC<\/strong>: SPD 2<\/li>\n<li><strong>Blitzableiter AC<\/strong>: SPD 2<\/li>\n<li><strong>AFCI<\/strong>: Ja<\/li>\n<\/ul>\n","protected":false},"featured_media":49438,"template":"","meta":{"_acf_changed":false},"product_brand":[501],"product_cat":[328],"product_tag":[],"class_list":{"0":"post-49437","1":"product","2":"type-product","3":"status-publish","4":"has-post-thumbnail","6":"product_brand-kostal-de-2","7":"product_cat-wechselrichter","10":"first","11":"instock","12":"downloadable","13":"taxable","14":"shipping-taxable","15":"product-type-simple"},"acf":[],"_links":{"self":[{"href":"https:\/\/evowatt.ch\/de\/wp-json\/wp\/v2\/product\/49437","targetHints":{"allow":["GET"]}}],"collection":[{"href":"https:\/\/evowatt.ch\/de\/wp-json\/wp\/v2\/product"}],"about":[{"href":"https:\/\/evowatt.ch\/de\/wp-json\/wp\/v2\/types\/product"}],"version-history":[{"count":0,"href":"https:\/\/evowatt.ch\/de\/wp-json\/wp\/v2\/product\/49437\/revisions"}],"wp:featuredmedia":[{"embeddable":true,"href":"https:\/\/evowatt.ch\/de\/wp-json\/wp\/v2\/media\/49438"}],"wp:attachment":[{"href":"https:\/\/evowatt.ch\/de\/wp-json\/wp\/v2\/media?parent=49437"}],"wp:term":[{"taxonomy":"product_brand","embeddable":true,"href":"https:\/\/evowatt.ch\/de\/wp-json\/wp\/v2\/product_brand?post=49437"},{"taxonomy":"product_cat","embeddable":true,"href":"https:\/\/evowatt.ch\/de\/wp-json\/wp\/v2\/product_cat?post=49437"},{"taxonomy":"product_tag","embeddable":true,"href":"https:\/\/evowatt.ch\/de\/wp-json\/wp\/v2\/product_tag?post=49437"}],"curies":[{"name":"wp","href":"https:\/\/api.w.org\/{rel}","templated":true}]}}