{"id":49346,"date":"2026-03-10T16:00:17","date_gmt":"2026-03-10T15:00:17","guid":{"rendered":"https:\/\/evowatt.ch\/produit\/kostal-enector-ac-3-7-11-11kw\/"},"modified":"2026-03-10T16:00:17","modified_gmt":"2026-03-10T15:00:17","slug":"kostal-enector-ac-3-7-11-11kw","status":"publish","type":"product","link":"https:\/\/evowatt.ch\/de\/produkt\/kostal-enector-ac-3-7-11-11kw\/","title":{"rendered":"Kostal ENECTOR AC 3.7\/11 &#8211; 11kW"},"content":{"rendered":"<p>Ladeleistung zwischen 3,7 kW (einphasig) und 11 kW (dreiphasig)<br \/>\nAutomatische Phasenumschaltung ab Version 2.6.2 der KSEM-Software.<br \/>\nInklusive 7,5 m langem, fest angeschlossenem AC-Ladekabel Typ 2<br \/>\nKompatibel mit Kostal Plenticor plus und Kostal Piko IQ<\/p>\n<p>Solarladung (PV-\u00dcberschussladung) \/ optimierte Solarladung (min. Ladeleistung). fest mit zus\u00e4tzlicher PV-Energie) nur in Verbindung mit Kostal-validierten Energiez\u00e4hlern und einem Aktivierungscode f\u00fcr die ENECTOR Wallbox m\u00f6glich.<br \/>\nF\u00fcr die Verbindung mit KSEM sind 2 Plenticoin erforderlich.<\/p>\n","protected":false},"excerpt":{"rendered":"<ul>\n<li><strong>Kategorie<\/strong>: Wallboxen<\/li>\n<li><strong>Art der Steckdose<\/strong>: Typ 2<\/li>\n<li><strong>Produktgarantie<\/strong>: 2 Jahre, 5 Jahre nach Online-Registrierung<\/li>\n<li><strong>Schutzklasse<\/strong>: IP54<\/li>\n<li><strong>Anschl\u00fcsse<\/strong>: Stecker<\/li>\n<li><strong>Max. Ladeleistung<\/strong>11.00 kW<\/li>\n<li><strong>L\u00e4nge<\/strong>: 400 mm<\/li>\n<li><strong>Breite<\/strong>: 260 mm<\/li>\n<\/ul>\n","protected":false},"featured_media":49347,"template":"","meta":{"_acf_changed":false},"product_brand":[501],"product_cat":[392],"product_tag":[],"class_list":{"0":"post-49346","1":"product","2":"type-product","3":"status-publish","4":"has-post-thumbnail","6":"product_brand-kostal-de-2","7":"product_cat-accessoires-2-de","10":"first","11":"instock","12":"downloadable","13":"taxable","14":"shipping-taxable","15":"product-type-simple"},"acf":[],"_links":{"self":[{"href":"https:\/\/evowatt.ch\/de\/wp-json\/wp\/v2\/product\/49346","targetHints":{"allow":["GET"]}}],"collection":[{"href":"https:\/\/evowatt.ch\/de\/wp-json\/wp\/v2\/product"}],"about":[{"href":"https:\/\/evowatt.ch\/de\/wp-json\/wp\/v2\/types\/product"}],"version-history":[{"count":0,"href":"https:\/\/evowatt.ch\/de\/wp-json\/wp\/v2\/product\/49346\/revisions"}],"wp:featuredmedia":[{"embeddable":true,"href":"https:\/\/evowatt.ch\/de\/wp-json\/wp\/v2\/media\/49347"}],"wp:attachment":[{"href":"https:\/\/evowatt.ch\/de\/wp-json\/wp\/v2\/media?parent=49346"}],"wp:term":[{"taxonomy":"product_brand","embeddable":true,"href":"https:\/\/evowatt.ch\/de\/wp-json\/wp\/v2\/product_brand?post=49346"},{"taxonomy":"product_cat","embeddable":true,"href":"https:\/\/evowatt.ch\/de\/wp-json\/wp\/v2\/product_cat?post=49346"},{"taxonomy":"product_tag","embeddable":true,"href":"https:\/\/evowatt.ch\/de\/wp-json\/wp\/v2\/product_tag?post=49346"}],"curies":[{"name":"wp","href":"https:\/\/api.w.org\/{rel}","templated":true}]}}