{"id":49271,"date":"2026-03-10T15:57:06","date_gmt":"2026-03-10T14:57:06","guid":{"rendered":"https:\/\/evowatt.ch\/produit\/kostal-ueberspannungsschutzgeraet-dc-typ-ii-plenticore-g3\/"},"modified":"2026-03-10T15:57:06","modified_gmt":"2026-03-10T14:57:06","slug":"kostal-ueberspannungsschutzgeraet-dc-typ-ii-plenticore-g3","status":"publish","type":"product","link":"https:\/\/evowatt.ch\/de\/produkt\/kostal-ueberspannungsschutzgeraet-dc-typ-ii-plenticore-g3\/","title":{"rendered":"Kostal \u00dcberspannungsschutzger\u00e4t DC TYP II -Plenticore G3"},"content":{"rendered":"<p>DC-\u00dcberspannungsschutzmodul Typ 2 f\u00fcr Plenticore G3.<br \/>\nEinfache Nachr\u00fcstung durch Plug &amp; Play.<br \/>\nErkennung von Ausl\u00f6sungen und Ausf\u00e4llen durch Ereignismeldung am Wechselrichter und \u00fcber das KOSTAL Solar Portal und die KOSTAL Solar App.<\/p>\n","protected":false},"excerpt":{"rendered":"<ul>\n<li><strong>Kategorie<\/strong>: \u00dcberspannungsschutzeinrichtung DC Typ II<\/li>\n<li><strong>L\u00e4nge<\/strong>: 150 mm<\/li>\n<li><strong>Breite<\/strong>: 66 mm<\/li>\n<li><strong>Dicke<\/strong>: 31 mm<\/li>\n<li><strong>Gewicht<\/strong>: 0.335 kg<\/li>\n<\/ul>\n","protected":false},"featured_media":49274,"template":"","meta":{"_acf_changed":false},"product_brand":[501],"product_cat":[328],"product_tag":[],"class_list":{"0":"post-49271","1":"product","2":"type-product","3":"status-publish","4":"has-post-thumbnail","6":"product_brand-kostal-de-2","7":"product_cat-wechselrichter","10":"first","11":"instock","12":"downloadable","13":"taxable","14":"shipping-taxable","15":"product-type-simple"},"acf":[],"_links":{"self":[{"href":"https:\/\/evowatt.ch\/de\/wp-json\/wp\/v2\/product\/49271","targetHints":{"allow":["GET"]}}],"collection":[{"href":"https:\/\/evowatt.ch\/de\/wp-json\/wp\/v2\/product"}],"about":[{"href":"https:\/\/evowatt.ch\/de\/wp-json\/wp\/v2\/types\/product"}],"version-history":[{"count":0,"href":"https:\/\/evowatt.ch\/de\/wp-json\/wp\/v2\/product\/49271\/revisions"}],"wp:featuredmedia":[{"embeddable":true,"href":"https:\/\/evowatt.ch\/de\/wp-json\/wp\/v2\/media\/49274"}],"wp:attachment":[{"href":"https:\/\/evowatt.ch\/de\/wp-json\/wp\/v2\/media?parent=49271"}],"wp:term":[{"taxonomy":"product_brand","embeddable":true,"href":"https:\/\/evowatt.ch\/de\/wp-json\/wp\/v2\/product_brand?post=49271"},{"taxonomy":"product_cat","embeddable":true,"href":"https:\/\/evowatt.ch\/de\/wp-json\/wp\/v2\/product_cat?post=49271"},{"taxonomy":"product_tag","embeddable":true,"href":"https:\/\/evowatt.ch\/de\/wp-json\/wp\/v2\/product_tag?post=49271"}],"curies":[{"name":"wp","href":"https:\/\/api.w.org\/{rel}","templated":true}]}}