{"id":49258,"date":"2026-03-10T15:56:30","date_gmt":"2026-03-10T14:56:30","guid":{"rendered":"https:\/\/evowatt.ch\/produit\/kostal-helivor-25-6-kwh\/"},"modified":"2026-03-10T15:56:30","modified_gmt":"2026-03-10T14:56:30","slug":"kostal-helivor-25-6-kwh","status":"publish","type":"product","link":"https:\/\/evowatt.ch\/de\/produkt\/kostal-helivor-25-6-kwh\/","title":{"rendered":"Kostal HELIVOR 25.6 kWh"},"content":{"rendered":"<p>Bis zu 9 Module k\u00f6nnen pro Energiespeichersystem in Reihe geschaltet werden. Der Parallelbetrieb von bis zu 8 Batteriesystemen bietet flexible Einsatzm\u00f6glichkeiten mit Kapazit\u00e4ten von 6,4 kWh bis 230,4 kWh und ist ideal f\u00fcr private, gewerbliche und industrielle Anwendungen. <\/p>\n<p>&#8211; Niedertemperaturtechnologie: Laden und Entladen in einem breiten Temperaturbereich m\u00f6glich, ideal f\u00fcr alle Standorte<br \/>\n&#8211; Hoher Wirkungsgrad: Zyklischer Wirkungsgrad \u2265 96 % f\u00fcr maximale Energieeffizienz<br \/>\n&#8211; Intelligente Panels: Automatische Ausbalancierung, Aufzeichnung von SoC-, SoH- und zyklischen Daten<br \/>\n&#8211; Robustes Geh\u00e4use: Schutzklasse IP65 &#8211; perfekt f\u00fcr die Installation im Innen- und Au\u00dfenbereich<br \/>\nweniger<br \/>\nin einem breiten Temperaturbereich, ideal f\u00fcr alle Standorte<br \/>\n&#8211; Hoher Wirkungsgrad: Zyklischer Wirkungsgrad \u2265 96 % f\u00fcr maximale Energieeffizienz<br \/>\n&#8211; Intelligente Panels: Automatische Ausbalancierung, Aufzeichnung von SoC-, SoH- und zyklischen Daten<br \/>\n&#8211; Robustes Geh\u00e4use: Schutzklasse IP65 &#8211; perfekt f\u00fcr die Installation im Innen- und Au\u00dfenbereich<\/p>\n<p>Kompatibel mit allen Kostal Plenticore G3 (S\/M\/L) und Kostal Plenticore MP S G3 Wechselrichtern.<\/p>\n","protected":false},"excerpt":{"rendered":"<ul>\n<li><strong>Kategorie<\/strong>: Gleichstrom-Akkumulator<\/li>\n<li><strong>Batteriekapazit\u00e4t<\/strong>: 25.60 kWh<\/li>\n<li><strong>Produktgarantie<\/strong>: 10 Jahre<\/li>\n<li><strong>Batterietechnologie<\/strong>: Lithium-Eisenphosphat<\/li>\n<li><strong>Schutzklasse<\/strong>: IP65<\/li>\n<li><strong>Temperaturbereich<\/strong>: -20 \u00b0C.bis +55 \u00b0C<\/li>\n<li><strong>L\u00e4nge<\/strong>: 640 mm<\/li>\n<li><strong>Breite<\/strong>: 240 mm<\/li>\n<\/ul>\n","protected":false},"featured_media":49259,"template":"","meta":{"_acf_changed":false},"product_brand":[501],"product_cat":[358],"product_tag":[],"class_list":{"0":"post-49258","1":"product","2":"type-product","3":"status-publish","4":"has-post-thumbnail","6":"product_brand-kostal-de-2","7":"product_cat-batterien","10":"first","11":"instock","12":"downloadable","13":"taxable","14":"shipping-taxable","15":"product-type-simple"},"acf":[],"_links":{"self":[{"href":"https:\/\/evowatt.ch\/de\/wp-json\/wp\/v2\/product\/49258","targetHints":{"allow":["GET"]}}],"collection":[{"href":"https:\/\/evowatt.ch\/de\/wp-json\/wp\/v2\/product"}],"about":[{"href":"https:\/\/evowatt.ch\/de\/wp-json\/wp\/v2\/types\/product"}],"version-history":[{"count":0,"href":"https:\/\/evowatt.ch\/de\/wp-json\/wp\/v2\/product\/49258\/revisions"}],"wp:featuredmedia":[{"embeddable":true,"href":"https:\/\/evowatt.ch\/de\/wp-json\/wp\/v2\/media\/49259"}],"wp:attachment":[{"href":"https:\/\/evowatt.ch\/de\/wp-json\/wp\/v2\/media?parent=49258"}],"wp:term":[{"taxonomy":"product_brand","embeddable":true,"href":"https:\/\/evowatt.ch\/de\/wp-json\/wp\/v2\/product_brand?post=49258"},{"taxonomy":"product_cat","embeddable":true,"href":"https:\/\/evowatt.ch\/de\/wp-json\/wp\/v2\/product_cat?post=49258"},{"taxonomy":"product_tag","embeddable":true,"href":"https:\/\/evowatt.ch\/de\/wp-json\/wp\/v2\/product_tag?post=49258"}],"curies":[{"name":"wp","href":"https:\/\/api.w.org\/{rel}","templated":true}]}}