{"id":49160,"date":"2026-03-10T15:51:25","date_gmt":"2026-03-10T14:51:25","guid":{"rendered":"https:\/\/evowatt.ch\/produit\/kostal-smart-energy-meter-g2\/"},"modified":"2026-03-10T15:51:25","modified_gmt":"2026-03-10T14:51:25","slug":"kostal-smart-energy-meter-g2","status":"publish","type":"product","link":"https:\/\/evowatt.ch\/de\/produkt\/kostal-smart-energy-meter-g2\/","title":{"rendered":"Kostal Smart Energy Meter-G2"},"content":{"rendered":"<p>Integrierte dreiphasige Energiemessung bis 63 A, h\u00f6here Messstr\u00f6me \u00fcber Transformatoren mit einem Sekund\u00e4rstrom von 5 A m\u00f6glich.<br \/>\nStromsensor und Energiemanager f\u00fcr die Kopplung von AC-Batterien<br \/>\n2 LAN-Schnittstellen, 2 RS485-Schnittstellen (Modbus RTU),<br \/>\nKombinierbar mit PIKO 4.2-20, PIKO EPC, PIKO MP plus, PIKO IQ, PIKO CI, PLENTICORE plus<br \/>\nminus<br \/>\nQ, PIKO CI, PLENTICORE plus<\/p>\n","protected":false},"excerpt":{"rendered":"<ul>\n<li><strong>Kategorie<\/strong>: Energiez\u00e4hler<\/li>\n<li><strong>Produktgarantie<\/strong>: 2 Jahre<\/li>\n<li><strong>L\u00e4nge<\/strong>: 88 mm<\/li>\n<li><strong>Breite<\/strong>: 70 mm<\/li>\n<li><strong>Dicke<\/strong>: 65 mm<\/li>\n<li><strong>Gewicht<\/strong>: 0.300 kg<\/li>\n<\/ul>\n","protected":false},"featured_media":49161,"template":"","meta":{"_acf_changed":false},"product_brand":[501],"product_cat":[392],"product_tag":[],"class_list":{"0":"post-49160","1":"product","2":"type-product","3":"status-publish","4":"has-post-thumbnail","6":"product_brand-kostal-de-2","7":"product_cat-accessoires-2-de","10":"first","11":"instock","12":"downloadable","13":"taxable","14":"shipping-taxable","15":"product-type-simple"},"acf":[],"_links":{"self":[{"href":"https:\/\/evowatt.ch\/de\/wp-json\/wp\/v2\/product\/49160","targetHints":{"allow":["GET"]}}],"collection":[{"href":"https:\/\/evowatt.ch\/de\/wp-json\/wp\/v2\/product"}],"about":[{"href":"https:\/\/evowatt.ch\/de\/wp-json\/wp\/v2\/types\/product"}],"version-history":[{"count":0,"href":"https:\/\/evowatt.ch\/de\/wp-json\/wp\/v2\/product\/49160\/revisions"}],"wp:featuredmedia":[{"embeddable":true,"href":"https:\/\/evowatt.ch\/de\/wp-json\/wp\/v2\/media\/49161"}],"wp:attachment":[{"href":"https:\/\/evowatt.ch\/de\/wp-json\/wp\/v2\/media?parent=49160"}],"wp:term":[{"taxonomy":"product_brand","embeddable":true,"href":"https:\/\/evowatt.ch\/de\/wp-json\/wp\/v2\/product_brand?post=49160"},{"taxonomy":"product_cat","embeddable":true,"href":"https:\/\/evowatt.ch\/de\/wp-json\/wp\/v2\/product_cat?post=49160"},{"taxonomy":"product_tag","embeddable":true,"href":"https:\/\/evowatt.ch\/de\/wp-json\/wp\/v2\/product_tag?post=49160"}],"curies":[{"name":"wp","href":"https:\/\/api.w.org\/{rel}","templated":true}]}}