{"id":48953,"date":"2026-03-10T15:42:11","date_gmt":"2026-03-10T14:42:11","guid":{"rendered":"https:\/\/evowatt.ch\/produit\/goodwe-et-gw29-9k-et-backup-afci\/"},"modified":"2026-03-10T15:42:11","modified_gmt":"2026-03-10T14:42:11","slug":"goodwe-et-gw29-9k-et-backup-afci","status":"publish","type":"product","link":"https:\/\/evowatt.ch\/de\/produkt\/goodwe-et-gw29-9k-et-backup-afci\/","title":{"rendered":"GoodWe ET GW29.9K-ET Backup &#8211; AFCI"},"content":{"rendered":"<p>Hybrid-Wechselrichter in den Leistungsklassen von 15,0 bis 30,0 kW mit bedarfsorientiertem Notstrom.<br \/>\nKompatibel mit GoodWe Lynx Home F Batterie, GoodWe Lynx Home D Batterie, BYD HVS\/HVM Batterie und anderen Batterieherstellern. &#8211; Bitte beachten Sie die Kompatibilit\u00e4tslisten der Hersteller.<br \/>\n&#8211; &#8211; Programmierbarer potentialfreier Kontakt<br \/>\n&#8211; Eing\u00e4nge f\u00fcr Rundsteuerempf\u00e4nger<br \/>\n&#8211; Integrierte Notstromabschaltung &#8211; Schaltzeit \u2264 10 Millisekunden<br \/>\n&#8211; Dreiphasiger SmartMeter und Stromwandler (120 A\/5 A) enthalten<br \/>\nKommunikation :<br \/>\n&#8211; Smart Dongle-WLAN-FE (integriert)<br \/>\nweniger<br \/>\ne zentral<br \/>\n&#8211; Integrierte Notstromabschaltung &#8211; Schaltzeit \u2264 10 Millisekunden<br \/>\n&#8211; Dreiphasiger SmartMeter und Stromtransformator (120 A\/5 A) enthalten<br \/>\nKommunikation:<br \/>\n&#8211; Smart Dongle-WLAN-FE (integriert) <\/p>\n<p>mit Lichtbogenerkennung (AFCI)GoodWe Smart Meter 3ph GM3000 im Lieferumfang enthalten.<br \/>\nInbetriebnahme \u00fcber die GoodWe &#8211; SolarGo App.<br \/>\nNicht geeignet f\u00fcr die Verwendung mit einem SEC1000S!<\/p>\n","protected":false},"excerpt":{"rendered":"<ul>\n<li><strong>Kategorie<\/strong>: Hybrid-Wechselrichter<\/li>\n<li>Notstromsysteme<\/li>\n<li><strong>AC-Leistung<\/strong>: 30.00 kW<\/li>\n<li><strong>Netzanschluss<\/strong>: Dreiphasig, 400V<\/li>\n<li><strong>MPPT<\/strong>: 3<\/li>\n<li><strong>Eingang \u00fcber MPPT<\/strong>: 2<\/li>\n<li><strong>Blitzableiter DC<\/strong>: SPD 2<\/li>\n<li><strong>AC-Blitzableiter<\/strong>: Nein<\/li>\n<\/ul>\n","protected":false},"featured_media":48954,"template":"","meta":{"_acf_changed":false},"product_brand":[479],"product_cat":[328],"product_tag":[],"class_list":{"0":"post-48953","1":"product","2":"type-product","3":"status-publish","4":"has-post-thumbnail","6":"product_brand-goodwe-de-2","7":"product_cat-wechselrichter","10":"first","11":"instock","12":"downloadable","13":"taxable","14":"shipping-taxable","15":"product-type-simple"},"acf":[],"_links":{"self":[{"href":"https:\/\/evowatt.ch\/de\/wp-json\/wp\/v2\/product\/48953","targetHints":{"allow":["GET"]}}],"collection":[{"href":"https:\/\/evowatt.ch\/de\/wp-json\/wp\/v2\/product"}],"about":[{"href":"https:\/\/evowatt.ch\/de\/wp-json\/wp\/v2\/types\/product"}],"version-history":[{"count":0,"href":"https:\/\/evowatt.ch\/de\/wp-json\/wp\/v2\/product\/48953\/revisions"}],"wp:featuredmedia":[{"embeddable":true,"href":"https:\/\/evowatt.ch\/de\/wp-json\/wp\/v2\/media\/48954"}],"wp:attachment":[{"href":"https:\/\/evowatt.ch\/de\/wp-json\/wp\/v2\/media?parent=48953"}],"wp:term":[{"taxonomy":"product_brand","embeddable":true,"href":"https:\/\/evowatt.ch\/de\/wp-json\/wp\/v2\/product_brand?post=48953"},{"taxonomy":"product_cat","embeddable":true,"href":"https:\/\/evowatt.ch\/de\/wp-json\/wp\/v2\/product_cat?post=48953"},{"taxonomy":"product_tag","embeddable":true,"href":"https:\/\/evowatt.ch\/de\/wp-json\/wp\/v2\/product_tag?post=48953"}],"curies":[{"name":"wp","href":"https:\/\/api.w.org\/{rel}","templated":true}]}}