{"id":48873,"date":"2026-03-10T15:33:42","date_gmt":"2026-03-10T14:33:42","guid":{"rendered":"https:\/\/evowatt.ch\/produit\/huawei-luna2000-161kwh-2s11\/"},"modified":"2026-04-14T16:40:58","modified_gmt":"2026-04-14T14:40:58","slug":"huawei-luna2000-161kwh-2s11","status":"publish","type":"product","link":"https:\/\/evowatt.ch\/de\/produkt\/huawei-luna2000-161kwh-2s11\/","title":{"rendered":"Huawei LUNA2000-161kWh-2S11"},"content":{"rendered":"<p>Gro\u00dfer, hybridgek\u00fchlter und AC-gekoppelter Huawei-Akku mit einer Speicherkapazit\u00e4t von 161 kWh<br \/>\neinschlie\u00dflich Huawei SmartLogger3000C01 \/ SmartModule1000A01 \/ Smart Power Sensor-80AI-T0<\/p>\n<p>Derzeit kompatibel mit den folgenden Huawei-Produkten:<\/p>\n<p>Huawei SUN2000 30\/36\/40\/50KTL-M3 SPD I\/II<br \/>\nHuawei SUN2000 100KTL-M2 SPD I\/II<br \/>\nHuawei SUN2000 150K-MG0 SPD I\/II [&#8230;]<br \/>\nLesen Sie mehr<\/p>\n<p>Die Inbetriebnahme (109.355.065) muss f\u00fcr jeden Artikel gekauft werden.<\/p>\n<p>F\u00fcr die Gestaltung des kommerziellen Akkus folgen Sie bitte den Anweisungen des Herstellers Huawei unter &#8220;Zus\u00e4tzliche Informationen&#8221;.<\/p>\n<p>Wenn Sie ein Backup-Szenario w\u00fcnschen, kontaktieren Sie uns bitte vor der Bestellung.<\/p>\n<p>F\u00fcr Str\u00f6me von mehr als 80 A gibt es Co-Transformatoren.<br \/>\nLies mehr<\/p>\n","protected":false},"excerpt":{"rendered":"<ul>\n<li>Kategorie: AC-Systeme Kommerzieller Akkumulator<\/li>\n<li>AC-Leistung: 108.00 kW<\/li>\n<li>Batteriekapazit\u00e4t: 161.00 kWh<\/li>\n<li>Zinssatz C: 0.7C<\/li>\n<li>Tiefe der Entladung: 100.00 %.<\/li>\n<li>Batterietechnologie: Lithium-Eisenphosphat<\/li>\n<li>Schutzklasse: IP55<\/li>\n<li>Temperaturbereich: -30\u00b0C bis +55\u00b0C<\/li>\n<li>L\u00e4nge: 1.150 mm<\/li>\n<li>Breite: 1.800 mm<\/li>\n<\/ul>\n","protected":false},"featured_media":52659,"template":"","meta":{"_acf_changed":false},"product_brand":[495],"product_cat":[358,359],"product_tag":[],"class_list":{"0":"post-48873","1":"product","2":"type-product","3":"status-publish","4":"has-post-thumbnail","6":"product_brand-huawei-de-2","7":"product_cat-batterien","8":"product_cat-huawei-de","11":"first","12":"instock","13":"taxable","14":"shipping-taxable","15":"product-type-simple"},"acf":[],"_links":{"self":[{"href":"https:\/\/evowatt.ch\/de\/wp-json\/wp\/v2\/product\/48873","targetHints":{"allow":["GET"]}}],"collection":[{"href":"https:\/\/evowatt.ch\/de\/wp-json\/wp\/v2\/product"}],"about":[{"href":"https:\/\/evowatt.ch\/de\/wp-json\/wp\/v2\/types\/product"}],"version-history":[{"count":1,"href":"https:\/\/evowatt.ch\/de\/wp-json\/wp\/v2\/product\/48873\/revisions"}],"predecessor-version":[{"id":52783,"href":"https:\/\/evowatt.ch\/de\/wp-json\/wp\/v2\/product\/48873\/revisions\/52783"}],"wp:featuredmedia":[{"embeddable":true,"href":"https:\/\/evowatt.ch\/de\/wp-json\/wp\/v2\/media\/52659"}],"wp:attachment":[{"href":"https:\/\/evowatt.ch\/de\/wp-json\/wp\/v2\/media?parent=48873"}],"wp:term":[{"taxonomy":"product_brand","embeddable":true,"href":"https:\/\/evowatt.ch\/de\/wp-json\/wp\/v2\/product_brand?post=48873"},{"taxonomy":"product_cat","embeddable":true,"href":"https:\/\/evowatt.ch\/de\/wp-json\/wp\/v2\/product_cat?post=48873"},{"taxonomy":"product_tag","embeddable":true,"href":"https:\/\/evowatt.ch\/de\/wp-json\/wp\/v2\/product_tag?post=48873"}],"curies":[{"name":"wp","href":"https:\/\/api.w.org\/{rel}","templated":true}]}}