{"id":48864,"date":"2026-03-10T15:33:37","date_gmt":"2026-03-10T14:33:37","guid":{"rendered":"https:\/\/evowatt.ch\/produit\/huawei-luna2000-215kwh-2s10\/"},"modified":"2026-03-10T15:33:37","modified_gmt":"2026-03-10T14:33:37","slug":"huawei-luna2000-215kwh-2s10","status":"publish","type":"product","link":"https:\/\/evowatt.ch\/de\/produkt\/huawei-luna2000-215kwh-2s10\/","title":{"rendered":"Huawei LUNA2000-215kWh-2S10"},"content":{"rendered":"<p>Gro\u00dfer, hybridgek\u00fchlter und AC-gekoppelter Huawei-Akku mit einer Speicherkapazit\u00e4t von 215 kWh<br \/>\neinschlie\u00dflich Huawei SmartLogger3000C01 \/ SmartModule1000A01 \/ Smart Power Sensor-80AI-T0<\/p>\n<p>Derzeit kompatibel mit den folgenden Huawei-Produkten:<\/p>\n<p>Huawei SUN2000 30\/36\/40\/50KTL-M3 SPD I\/II<br \/>\nHuawei SUN2000 100KTL-M2 SPD I\/II<br \/>\nHuawei SUN2000 150K-MG0 SPD I\/II [&#8230;]<br \/>\nLesen Sie mehr<\/p>\n<p>Die Inbetriebnahme (109.355.065) muss f\u00fcr jeden Artikel gekauft werden.<\/p>\n<p>F\u00fcr die Gestaltung des kommerziellen Akkus folgen Sie bitte den Anweisungen des Herstellers Huawei unter &#8220;Zus\u00e4tzliche Informationen&#8221;.<\/p>\n<p>Wenn Sie ein Backup-Szenario w\u00fcnschen, kontaktieren Sie uns bitte vor der Bestellung.<\/p>\n<p>F\u00fcr Str\u00f6me von mehr als 80 A gibt es Co-Transformatoren.<br \/>\nLies mehr<\/p>\n","protected":false},"excerpt":{"rendered":"<p>Gro\u00dfer, hybridgek\u00fchlter und AC-gekoppelter Huawei-Akku mit einer Speicherkapazit\u00e4t von 215 kWh einschlie\u00dflich Huawei SmartLogger3000C01 \/ SmartModule1000A01 \/ Smart Power Sensor-80AI-T0 Derzeit kompatibel mit den folgenden Huawei-Produkten: Huawei SUN2000 30\/36\/40\/50KTL-M3 SPD I\/II Huawei SUN2000 100KTL-M2 SPD I\/II Huawei SUN2000 150K-MG0 SPD I\/II [&#8230;] Lesen Sie mehr Die Inbetriebnahme (109.355.065) muss f\u00fcr jeden Artikel gekauft werden. F\u00fcr [&hellip;]<\/p>\n","protected":false},"featured_media":0,"template":"","meta":{"_acf_changed":false},"product_brand":[495],"product_cat":[358,359],"product_tag":[],"class_list":{"0":"post-48864","1":"product","2":"type-product","3":"status-publish","5":"product_brand-huawei-de-2","6":"product_cat-batterien","7":"product_cat-huawei-de","9":"first","10":"instock","11":"taxable","12":"shipping-taxable","13":"product-type-simple"},"acf":[],"_links":{"self":[{"href":"https:\/\/evowatt.ch\/de\/wp-json\/wp\/v2\/product\/48864","targetHints":{"allow":["GET"]}}],"collection":[{"href":"https:\/\/evowatt.ch\/de\/wp-json\/wp\/v2\/product"}],"about":[{"href":"https:\/\/evowatt.ch\/de\/wp-json\/wp\/v2\/types\/product"}],"version-history":[{"count":0,"href":"https:\/\/evowatt.ch\/de\/wp-json\/wp\/v2\/product\/48864\/revisions"}],"wp:attachment":[{"href":"https:\/\/evowatt.ch\/de\/wp-json\/wp\/v2\/media?parent=48864"}],"wp:term":[{"taxonomy":"product_brand","embeddable":true,"href":"https:\/\/evowatt.ch\/de\/wp-json\/wp\/v2\/product_brand?post=48864"},{"taxonomy":"product_cat","embeddable":true,"href":"https:\/\/evowatt.ch\/de\/wp-json\/wp\/v2\/product_cat?post=48864"},{"taxonomy":"product_tag","embeddable":true,"href":"https:\/\/evowatt.ch\/de\/wp-json\/wp\/v2\/product_tag?post=48864"}],"curies":[{"name":"wp","href":"https:\/\/api.w.org\/{rel}","templated":true}]}}