{"id":48820,"date":"2026-03-10T15:36:41","date_gmt":"2026-03-10T14:36:41","guid":{"rendered":"https:\/\/evowatt.ch\/produit\/goodwe-mid-zaehler-hca-g2\/"},"modified":"2026-03-10T15:37:09","modified_gmt":"2026-03-10T14:37:09","slug":"goodwe-mid-zaehler-hca-g2","status":"publish","type":"product","link":"https:\/\/evowatt.ch\/de\/produkt\/goodwe-mid-zaehler-hca-g2\/","title":{"rendered":"GoodWe MID-Z\u00e4hler HCA G2"},"content":{"rendered":"<p>Externer MID-Z\u00e4hler f\u00fcr GoodWe GW 11K-HCA Gen2 und GoodWe GW 22K-HCA Gen2 EV Charger<\/p>\n","protected":false},"excerpt":{"rendered":"<ul>\n<li><strong>Kategorie<\/strong>: Energiez\u00e4hler<\/li>\n<li><strong>Produktgarantie<\/strong>: 2 Jahre<\/li>\n<li><strong>L\u00e4nge<\/strong>: 90 mm<\/li>\n<li><strong>Breite<\/strong>: 72 mm<\/li>\n<li><strong>Dicke<\/strong>: 65 mm<\/li>\n<li><strong>Gewicht<\/strong>: 0.500 kg<\/li>\n<\/ul>\n","protected":false},"featured_media":48821,"template":"","meta":{"_acf_changed":false},"product_brand":[479],"product_cat":[392],"product_tag":[],"class_list":{"0":"post-48820","1":"product","2":"type-product","3":"status-publish","4":"has-post-thumbnail","6":"product_brand-goodwe-de-2","7":"product_cat-accessoires-2-de","10":"first","11":"instock","12":"downloadable","13":"taxable","14":"shipping-taxable","15":"product-type-simple"},"acf":[],"_links":{"self":[{"href":"https:\/\/evowatt.ch\/de\/wp-json\/wp\/v2\/product\/48820","targetHints":{"allow":["GET"]}}],"collection":[{"href":"https:\/\/evowatt.ch\/de\/wp-json\/wp\/v2\/product"}],"about":[{"href":"https:\/\/evowatt.ch\/de\/wp-json\/wp\/v2\/types\/product"}],"version-history":[{"count":1,"href":"https:\/\/evowatt.ch\/de\/wp-json\/wp\/v2\/product\/48820\/revisions"}],"predecessor-version":[{"id":48823,"href":"https:\/\/evowatt.ch\/de\/wp-json\/wp\/v2\/product\/48820\/revisions\/48823"}],"wp:featuredmedia":[{"embeddable":true,"href":"https:\/\/evowatt.ch\/de\/wp-json\/wp\/v2\/media\/48821"}],"wp:attachment":[{"href":"https:\/\/evowatt.ch\/de\/wp-json\/wp\/v2\/media?parent=48820"}],"wp:term":[{"taxonomy":"product_brand","embeddable":true,"href":"https:\/\/evowatt.ch\/de\/wp-json\/wp\/v2\/product_brand?post=48820"},{"taxonomy":"product_cat","embeddable":true,"href":"https:\/\/evowatt.ch\/de\/wp-json\/wp\/v2\/product_cat?post=48820"},{"taxonomy":"product_tag","embeddable":true,"href":"https:\/\/evowatt.ch\/de\/wp-json\/wp\/v2\/product_tag?post=48820"}],"curies":[{"name":"wp","href":"https:\/\/api.w.org\/{rel}","templated":true}]}}