{"id":48777,"date":"2026-03-10T15:33:55","date_gmt":"2026-03-10T14:33:55","guid":{"rendered":"https:\/\/evowatt.ch\/produit\/huawei-smartps-dtsu666-h-250-a-50-ma\/"},"modified":"2026-04-14T16:34:26","modified_gmt":"2026-04-14T14:34:26","slug":"huawei-smartps-dtsu666-h-250-a-50-ma","status":"publish","type":"product","link":"https:\/\/evowatt.ch\/de\/produkt\/huawei-smartps-dtsu666-h-250-a-50-ma\/","title":{"rendered":"Huawei SmartPS DTSU666-H 250 A\/50 mA"},"content":{"rendered":"<p>Dreiphasiger Smart Meter<br \/>\n3 Stromwandler 250 A und 5 m anschlussfertiges RS485-Kabel im Lieferumfang enthalten.<br \/>\nMessgenauigkeit &gt; Klasse 1 innerhalb des gesamten Temperaturbereichs<br \/>\nBegrenzungskontrolle f\u00fcr Stromexport<br \/>\nLCD-Display, benutzerfreundlich, f\u00fcr Installation und \u00dcberpr\u00fcfung<br \/>\n3 Stromwandler 250 A und c [&#8230;]<br \/>\nLesen<\/p>\n","protected":false},"excerpt":{"rendered":"<ul>\n<li>Kategorie: Energiez\u00e4hler<\/li>\n<li>Produktgarantie: 2 Jahre<\/li>\n<li>L\u00e4nge: 100 mm<\/li>\n<li>Breite: 72 mm<\/li>\n<li>Dicke: 66 mm<\/li>\n<li>Gewicht: 1.500 kg<\/li>\n<\/ul>\n","protected":false},"featured_media":52649,"template":"","meta":{"_acf_changed":false},"product_brand":[495],"product_cat":[390],"product_tag":[],"class_list":{"0":"post-48777","1":"product","2":"type-product","3":"status-publish","4":"has-post-thumbnail","6":"product_brand-huawei-de-2","7":"product_cat-monitoring-de","10":"first","11":"instock","12":"taxable","13":"shipping-taxable","14":"product-type-simple"},"acf":[],"_links":{"self":[{"href":"https:\/\/evowatt.ch\/de\/wp-json\/wp\/v2\/product\/48777","targetHints":{"allow":["GET"]}}],"collection":[{"href":"https:\/\/evowatt.ch\/de\/wp-json\/wp\/v2\/product"}],"about":[{"href":"https:\/\/evowatt.ch\/de\/wp-json\/wp\/v2\/types\/product"}],"version-history":[{"count":1,"href":"https:\/\/evowatt.ch\/de\/wp-json\/wp\/v2\/product\/48777\/revisions"}],"predecessor-version":[{"id":52677,"href":"https:\/\/evowatt.ch\/de\/wp-json\/wp\/v2\/product\/48777\/revisions\/52677"}],"wp:featuredmedia":[{"embeddable":true,"href":"https:\/\/evowatt.ch\/de\/wp-json\/wp\/v2\/media\/52649"}],"wp:attachment":[{"href":"https:\/\/evowatt.ch\/de\/wp-json\/wp\/v2\/media?parent=48777"}],"wp:term":[{"taxonomy":"product_brand","embeddable":true,"href":"https:\/\/evowatt.ch\/de\/wp-json\/wp\/v2\/product_brand?post=48777"},{"taxonomy":"product_cat","embeddable":true,"href":"https:\/\/evowatt.ch\/de\/wp-json\/wp\/v2\/product_cat?post=48777"},{"taxonomy":"product_tag","embeddable":true,"href":"https:\/\/evowatt.ch\/de\/wp-json\/wp\/v2\/product_tag?post=48777"}],"curies":[{"name":"wp","href":"https:\/\/api.w.org\/{rel}","templated":true}]}}