{"id":48745,"date":"2026-03-10T15:34:38","date_gmt":"2026-03-10T14:34:38","guid":{"rendered":"https:\/\/evowatt.ch\/produit\/huawei-sun2000-4ktl-m1-13-5a\/"},"modified":"2026-03-10T15:34:38","modified_gmt":"2026-03-10T14:34:38","slug":"huawei-sun2000-4ktl-m1-13-5a","status":"publish","type":"product","link":"https:\/\/evowatt.ch\/de\/produkt\/huawei-sun2000-4ktl-m1-13-5a\/","title":{"rendered":"Huawei SUN2000-4KTL-M1\/13.5A"},"content":{"rendered":"<p>Smart PV String Wechselrichter<br \/>\n&#8211; Kombinierbar mit den Leistungsoptimierern Huawei SUN2000-450W-P, Huawei SUN2000-450W-P2, Huawei SUN2000-600W<br \/>\n&#8211; Hybrid-Wechselrichter mit Batterieeingang<br \/>\n&#8211; Schnittstelle des Rundsteuerempf\u00e4ngers<br \/>\n&#8211; Lichtbogenerkennung AFCI basierend auf k\u00fcnstlicher Intelligenz<br \/>\nKommunikation:<br \/>\n&#8211; Smart Dongle-WLAN-FE (integriert)<br \/>\n&#8211; Smart Do [&#8230;.]<br \/>\nLesen Sie<\/p>\n<p>F\u00fcr die Inbetriebnahme m\u00fcssen Sie unbedingt die Android Fusion Solar Anwendung von der Huawei Anwendungsgalerie herunterladen:<br \/>\nhttps:\/\/eu5.fusionsolar.huawei.com\/pvmswebsite\/app.html<\/p>\n","protected":false},"excerpt":{"rendered":"<p>Smart PV String Wechselrichter &#8211; Kombinierbar mit den Leistungsoptimierern Huawei SUN2000-450W-P, Huawei SUN2000-450W-P2, Huawei SUN2000-600W &#8211; Hybrid-Wechselrichter mit Batterieeingang &#8211; Schnittstelle des Rundsteuerempf\u00e4ngers &#8211; Lichtbogenerkennung AFCI basierend auf k\u00fcnstlicher Intelligenz Kommunikation: &#8211; Smart Dongle-WLAN-FE (integriert) &#8211; Smart Do [&#8230;.] Lesen Sie F\u00fcr die Inbetriebnahme m\u00fcssen Sie unbedingt die Android Fusion Solar Anwendung von der Huawei [&hellip;]<\/p>\n","protected":false},"featured_media":0,"template":"","meta":{"_acf_changed":false},"product_brand":[495],"product_cat":[328],"product_tag":[],"class_list":{"0":"post-48745","1":"product","2":"type-product","3":"status-publish","5":"product_brand-huawei-de-2","6":"product_cat-wechselrichter","8":"first","9":"instock","10":"taxable","11":"shipping-taxable","12":"product-type-simple"},"acf":[],"_links":{"self":[{"href":"https:\/\/evowatt.ch\/de\/wp-json\/wp\/v2\/product\/48745","targetHints":{"allow":["GET"]}}],"collection":[{"href":"https:\/\/evowatt.ch\/de\/wp-json\/wp\/v2\/product"}],"about":[{"href":"https:\/\/evowatt.ch\/de\/wp-json\/wp\/v2\/types\/product"}],"version-history":[{"count":0,"href":"https:\/\/evowatt.ch\/de\/wp-json\/wp\/v2\/product\/48745\/revisions"}],"wp:attachment":[{"href":"https:\/\/evowatt.ch\/de\/wp-json\/wp\/v2\/media?parent=48745"}],"wp:term":[{"taxonomy":"product_brand","embeddable":true,"href":"https:\/\/evowatt.ch\/de\/wp-json\/wp\/v2\/product_brand?post=48745"},{"taxonomy":"product_cat","embeddable":true,"href":"https:\/\/evowatt.ch\/de\/wp-json\/wp\/v2\/product_cat?post=48745"},{"taxonomy":"product_tag","embeddable":true,"href":"https:\/\/evowatt.ch\/de\/wp-json\/wp\/v2\/product_tag?post=48745"}],"curies":[{"name":"wp","href":"https:\/\/api.w.org\/{rel}","templated":true}]}}