{"id":48735,"date":"2026-03-10T15:32:29","date_gmt":"2026-03-10T14:32:29","guid":{"rendered":"https:\/\/evowatt.ch\/produit\/huawei-sun2000-20k-mb0\/"},"modified":"2026-04-14T16:38:23","modified_gmt":"2026-04-14T14:38:23","slug":"huawei-sun2000-20k-mb0","status":"publish","type":"product","link":"https:\/\/evowatt.ch\/de\/produkt\/huawei-sun2000-20k-mb0\/","title":{"rendered":"Huawei SUN2000-20K-MB0"},"content":{"rendered":"<p>Smart PV Hybrid Stringwechselrichter<br \/>\n&#8211; Kann mit den Huawei Leistungsoptimierern SUN2000-450W-P2, SUN2000-600W-P, MERC-1100W-P (nur wenn vollst\u00e4ndig optimiert), MERC-1300W-P (nur wenn vollst\u00e4ndig optimiert) kombiniert werden<br \/>\n&#8211; Die MERC Optimierer k\u00f6nnen nur als Teil einer vollst\u00e4ndigen Optimierung verwendet werden. Eine Teiloptimierung ist nicht m\u00f6glich.<br \/>\n&#8211; Englischsprachige Wechselrichter [&#8230;]<br \/>\nLesen Sie mehr <\/p>\n<p>Bei Verwendung eines SUN2000-MB0 Wechselrichters wird die Verwendung des intelligenten Z\u00e4hlers Huawei SmartPS-80AI-T0 oder des Energiemanagementsystems EMMA-A02 empfohlen.  <\/p>\n<p>Laden Sie f\u00fcr die Inbetriebnahme unbedingt die Android Fusion Solar-Anwendung aus der Huawei-Anwendungsgalerie herunter:<br \/>\nhttps:\/\/eu5.fusionsolar.huawei.com\/pvmswebsite\/app.html<\/p>\n","protected":false},"excerpt":{"rendered":"<ul>\n<li>Kategorie: Hybrid-Wechselrichter Notstromsysteme<\/li>\n<li>AC-Leistung: 20.00 kW<\/li>\n<li>Netzanschluss: Dreiphasig, 400V<\/li>\n<li>MPPT: 2<\/li>\n<li>Eingang \u00fcber MPPT: 2<\/li>\n<li>DC-Blitzableiter: SPD 2<\/li>\n<li>Blitzableiter AC: SPD 2<\/li>\n<li>AFCI: Ja<\/li>\n<li>Steckertyp: St\u00e4ubli MC4<\/li>\n<li>AC-Trennschalter: Nein<\/li>\n<\/ul>\n","protected":false},"featured_media":52739,"template":"","meta":{"_acf_changed":false},"product_brand":[495],"product_cat":[7054,328],"product_tag":[],"class_list":{"0":"post-48735","1":"product","2":"type-product","3":"status-publish","4":"has-post-thumbnail","6":"product_brand-huawei-de-2","7":"product_cat-huawei","8":"product_cat-wechselrichter","11":"first","12":"instock","13":"taxable","14":"shipping-taxable","15":"product-type-simple"},"acf":[],"_links":{"self":[{"href":"https:\/\/evowatt.ch\/de\/wp-json\/wp\/v2\/product\/48735","targetHints":{"allow":["GET"]}}],"collection":[{"href":"https:\/\/evowatt.ch\/de\/wp-json\/wp\/v2\/product"}],"about":[{"href":"https:\/\/evowatt.ch\/de\/wp-json\/wp\/v2\/types\/product"}],"version-history":[{"count":1,"href":"https:\/\/evowatt.ch\/de\/wp-json\/wp\/v2\/product\/48735\/revisions"}],"predecessor-version":[{"id":52743,"href":"https:\/\/evowatt.ch\/de\/wp-json\/wp\/v2\/product\/48735\/revisions\/52743"}],"wp:featuredmedia":[{"embeddable":true,"href":"https:\/\/evowatt.ch\/de\/wp-json\/wp\/v2\/media\/52739"}],"wp:attachment":[{"href":"https:\/\/evowatt.ch\/de\/wp-json\/wp\/v2\/media?parent=48735"}],"wp:term":[{"taxonomy":"product_brand","embeddable":true,"href":"https:\/\/evowatt.ch\/de\/wp-json\/wp\/v2\/product_brand?post=48735"},{"taxonomy":"product_cat","embeddable":true,"href":"https:\/\/evowatt.ch\/de\/wp-json\/wp\/v2\/product_cat?post=48735"},{"taxonomy":"product_tag","embeddable":true,"href":"https:\/\/evowatt.ch\/de\/wp-json\/wp\/v2\/product_tag?post=48735"}],"curies":[{"name":"wp","href":"https:\/\/api.w.org\/{rel}","templated":true}]}}