{"id":48716,"date":"2026-03-10T15:32:18","date_gmt":"2026-03-10T14:32:18","guid":{"rendered":"https:\/\/evowatt.ch\/produit\/huawei-luna2000-215kwh-2s10-erweiterungsset\/"},"modified":"2026-03-10T15:32:18","modified_gmt":"2026-03-10T14:32:18","slug":"huawei-luna2000-215kwh-2s10-erweiterungsset","status":"publish","type":"product","link":"https:\/\/evowatt.ch\/de\/produkt\/huawei-luna2000-215kwh-2s10-erweiterungsset\/","title":{"rendered":"Huawei LUNA2000-215kWh-2S10 Erweiterungsset"},"content":{"rendered":"<p>Erweiterung der Speicherkapazit\u00e4t um 215 kWh f\u00fcr Batteriesysteme zwischen 2 und 20 Einheiten f\u00fcr Artikel 109.355.071<\/p>\n<p>Die Inbetriebnahme (109.355.066) muss f\u00fcr jeden Artikel gekauft werden.<\/p>\n","protected":false},"excerpt":{"rendered":"<p>Erweiterung der Speicherkapazit\u00e4t um 215 kWh f\u00fcr Batteriesysteme zwischen 2 und 20 Einheiten f\u00fcr Artikel 109.355.071 Die Inbetriebnahme (109.355.066) muss f\u00fcr jeden Artikel gekauft werden.<\/p>\n","protected":false},"featured_media":0,"template":"","meta":{"_acf_changed":false},"product_brand":[495],"product_cat":[358,359],"product_tag":[],"class_list":{"0":"post-48716","1":"product","2":"type-product","3":"status-publish","5":"product_brand-huawei-de-2","6":"product_cat-batterien","7":"product_cat-huawei-de","9":"first","10":"instock","11":"taxable","12":"shipping-taxable","13":"product-type-simple"},"acf":[],"_links":{"self":[{"href":"https:\/\/evowatt.ch\/de\/wp-json\/wp\/v2\/product\/48716","targetHints":{"allow":["GET"]}}],"collection":[{"href":"https:\/\/evowatt.ch\/de\/wp-json\/wp\/v2\/product"}],"about":[{"href":"https:\/\/evowatt.ch\/de\/wp-json\/wp\/v2\/types\/product"}],"version-history":[{"count":0,"href":"https:\/\/evowatt.ch\/de\/wp-json\/wp\/v2\/product\/48716\/revisions"}],"wp:attachment":[{"href":"https:\/\/evowatt.ch\/de\/wp-json\/wp\/v2\/media?parent=48716"}],"wp:term":[{"taxonomy":"product_brand","embeddable":true,"href":"https:\/\/evowatt.ch\/de\/wp-json\/wp\/v2\/product_brand?post=48716"},{"taxonomy":"product_cat","embeddable":true,"href":"https:\/\/evowatt.ch\/de\/wp-json\/wp\/v2\/product_cat?post=48716"},{"taxonomy":"product_tag","embeddable":true,"href":"https:\/\/evowatt.ch\/de\/wp-json\/wp\/v2\/product_tag?post=48716"}],"curies":[{"name":"wp","href":"https:\/\/api.w.org\/{rel}","templated":true}]}}