{"id":48712,"date":"2026-03-10T15:32:18","date_gmt":"2026-03-10T14:32:18","guid":{"rendered":"https:\/\/evowatt.ch\/produit\/goodwe-ezlogger3000c\/"},"modified":"2026-03-10T15:32:18","modified_gmt":"2026-03-10T14:32:18","slug":"goodwe-ezlogger3000c","status":"publish","type":"product","link":"https:\/\/evowatt.ch\/de\/produkt\/goodwe-ezlogger3000c\/","title":{"rendered":"GoodWe Ezlogger3000C"},"content":{"rendered":"<p>Der GoodWe EzLogger3000C wurde f\u00fcr die Erfassung, \u00dcbertragung und Umwandlung von Datenprotokollen in kommerziellen und industriellen (C&amp;I) Photovoltaikprojekten entwickelt. Der GoodWe EzLogger3000C unterst\u00fctzt die parallele Konfiguration von netzgekoppelten Wechselrichtern mit bis zu 100 Ger\u00e4ten. Er erm\u00f6glicht eine nahtlose Kommunikation mit den Cloud-Servern des Energieversorgers, was eine \u00dcberwachung, Fernsteuerung und eine effiziente Energieverteilung erm\u00f6glicht.<br \/>\nDar\u00fcber hinaus wurde er nach ETSI EN 303 645 f\u00fcr Cybersicherheit zertifiziert.<br \/>\nweniger<br \/>\n, was die \u00dcberwachung, Fernsteuerung und effiziente Energieverteilung erm\u00f6glicht.<br \/>\nDar\u00fcber hinaus wurde er nach ETSI EN 303 645 f\u00fcr Cybersicherheit zertifiziert.  <\/p>\n","protected":false},"excerpt":{"rendered":"<ul>\n<li><strong>Kategorie<\/strong>: Aufsicht\/\u00dcberwachung<\/li>\n<li><strong>Produktgarantie<\/strong>: 2 Jahre<\/li>\n<li><strong>Schutzklasse<\/strong>: IP20<\/li>\n<li><strong>L\u00e4nge<\/strong>: 255 mm<\/li>\n<li><strong>Breite<\/strong>: 173 mm<\/li>\n<li><strong>Dicke<\/strong>: 48 mm<\/li>\n<li><strong>Gewicht<\/strong>: 0.800 kg<\/li>\n<\/ul>\n","protected":false},"featured_media":48713,"template":"","meta":{"_acf_changed":false},"product_brand":[479],"product_cat":[392],"product_tag":[],"class_list":{"0":"post-48712","1":"product","2":"type-product","3":"status-publish","4":"has-post-thumbnail","6":"product_brand-goodwe-de-2","7":"product_cat-accessoires-2-de","10":"first","11":"instock","12":"downloadable","13":"taxable","14":"shipping-taxable","15":"product-type-simple"},"acf":[],"_links":{"self":[{"href":"https:\/\/evowatt.ch\/de\/wp-json\/wp\/v2\/product\/48712","targetHints":{"allow":["GET"]}}],"collection":[{"href":"https:\/\/evowatt.ch\/de\/wp-json\/wp\/v2\/product"}],"about":[{"href":"https:\/\/evowatt.ch\/de\/wp-json\/wp\/v2\/types\/product"}],"version-history":[{"count":0,"href":"https:\/\/evowatt.ch\/de\/wp-json\/wp\/v2\/product\/48712\/revisions"}],"wp:featuredmedia":[{"embeddable":true,"href":"https:\/\/evowatt.ch\/de\/wp-json\/wp\/v2\/media\/48713"}],"wp:attachment":[{"href":"https:\/\/evowatt.ch\/de\/wp-json\/wp\/v2\/media?parent=48712"}],"wp:term":[{"taxonomy":"product_brand","embeddable":true,"href":"https:\/\/evowatt.ch\/de\/wp-json\/wp\/v2\/product_brand?post=48712"},{"taxonomy":"product_cat","embeddable":true,"href":"https:\/\/evowatt.ch\/de\/wp-json\/wp\/v2\/product_cat?post=48712"},{"taxonomy":"product_tag","embeddable":true,"href":"https:\/\/evowatt.ch\/de\/wp-json\/wp\/v2\/product_tag?post=48712"}],"curies":[{"name":"wp","href":"https:\/\/api.w.org\/{rel}","templated":true}]}}