{"id":48513,"date":"2026-03-10T15:26:49","date_gmt":"2026-03-10T14:26:49","guid":{"rendered":"https:\/\/evowatt.ch\/produit\/huawei-sun2000-3-10ktl-m1-bom-kit-02233hnv\/"},"modified":"2026-03-11T09:44:13","modified_gmt":"2026-03-11T08:44:13","slug":"huawei-sun2000-3-10ktl-m1-bom-kit-02233hnv","status":"publish","type":"product","link":"https:\/\/evowatt.ch\/de\/produkt\/huawei-sun2000-3-10ktl-m1-bom-kit-02233hnv\/","title":{"rendered":"Huawei SUN2000 3-10KTL-M1 -BOM Kit 02233HNV"},"content":{"rendered":"<p>BOM-KIT f\u00fcr Huawei Sun2000 3-10KTL-M1<br \/>\nDas Produkt besteht aus folgenden Teilen: DC-Stecker, weiblich &#8211; 3 St\u00fcck (PV-Klemmenanschluss weiblich), DC-Stecker, m\u00e4nnlich &#8211; 3 St\u00fcck (PV-Klemmenanschluss m\u00e4nnlich), Kommunikationsklemme, m\u00e4nnlich &#8211; 1 St\u00fcck (Kommunikationsklemme, m\u00e4nnlich), AC-Klemme, weiblich &#8211; 1 St\u00fcck (AC-Netzanschluss)<\/p>\n","protected":false},"excerpt":{"rendered":"<ul>\n<li>Kategorie: Zubeh\u00f6r<\/li>\n<li>L\u00e4nge: 300 mm<\/li>\n<li>Breite: 200 mm<\/li>\n<li>Dicke: 100 mm<\/li>\n<li>Gewicht: 1.000 kg<\/li>\n<\/ul>\n","protected":false},"featured_media":0,"template":"","meta":{"_acf_changed":false},"product_brand":[495],"product_cat":[212,7056],"product_tag":[],"class_list":{"0":"post-48513","1":"product","2":"type-product","3":"status-publish","5":"product_brand-huawei-de-2","6":"product_cat-accessoires-pour-onduleurs","7":"product_cat-zubehor-fur-wechselrichter","9":"first","10":"instock","11":"taxable","12":"shipping-taxable","13":"product-type-simple"},"acf":[],"_links":{"self":[{"href":"https:\/\/evowatt.ch\/de\/wp-json\/wp\/v2\/product\/48513","targetHints":{"allow":["GET"]}}],"collection":[{"href":"https:\/\/evowatt.ch\/de\/wp-json\/wp\/v2\/product"}],"about":[{"href":"https:\/\/evowatt.ch\/de\/wp-json\/wp\/v2\/types\/product"}],"version-history":[{"count":0,"href":"https:\/\/evowatt.ch\/de\/wp-json\/wp\/v2\/product\/48513\/revisions"}],"wp:attachment":[{"href":"https:\/\/evowatt.ch\/de\/wp-json\/wp\/v2\/media?parent=48513"}],"wp:term":[{"taxonomy":"product_brand","embeddable":true,"href":"https:\/\/evowatt.ch\/de\/wp-json\/wp\/v2\/product_brand?post=48513"},{"taxonomy":"product_cat","embeddable":true,"href":"https:\/\/evowatt.ch\/de\/wp-json\/wp\/v2\/product_cat?post=48513"},{"taxonomy":"product_tag","embeddable":true,"href":"https:\/\/evowatt.ch\/de\/wp-json\/wp\/v2\/product_tag?post=48513"}],"curies":[{"name":"wp","href":"https:\/\/api.w.org\/{rel}","templated":true}]}}