{"id":48500,"date":"2026-03-10T15:26:06","date_gmt":"2026-03-10T14:26:06","guid":{"rendered":"https:\/\/evowatt.ch\/produit\/huawei-luna2000-161kwh-2s11-erweiterungsset\/"},"modified":"2026-04-14T16:43:40","modified_gmt":"2026-04-14T14:43:40","slug":"huawei-luna2000-161kwh-2s11-erweiterungsset","status":"publish","type":"product","link":"https:\/\/evowatt.ch\/de\/produkt\/huawei-luna2000-161kwh-2s11-erweiterungsset\/","title":{"rendered":"Huawei LUNA2000-161kWh-2S11 Erweiterungsset"},"content":{"rendered":"<p>Erweiterung der Speicherkapazit\u00e4t um 161 kWh f\u00fcr Batteriesysteme zwischen 2 und 20 Einheiten f\u00fcr Artikel 109.355.071<\/p>\n<p>Die Inbetriebnahme (109.355.066) muss f\u00fcr jeden Artikel gekauft werden.<\/p>\n","protected":false},"excerpt":{"rendered":"<ul>\n<li>Kategorie: AC-Systeme Kommerzieller Akkumulator<\/li>\n<li>AC-Leistung: 108.00 kW<\/li>\n<li>Batteriekapazit\u00e4t: 161.00 kWh<\/li>\n<li>Zinssatz C: 0.7C<\/li>\n<li>Tiefe der Entladung: 100.00 %.<\/li>\n<li>Batterietechnologie: Lithium-Eisenphosphat<\/li>\n<li>Schutzklasse: IP55<\/li>\n<li>Temperaturbereich: -30\u00b0C bis +55\u00b0C<\/li>\n<li>L\u00e4nge: 1.150 mm<\/li>\n<li>Breite: 1.800 mm<\/li>\n<\/ul>\n","protected":false},"featured_media":52799,"template":"","meta":{"_acf_changed":false},"product_brand":[495],"product_cat":[358,359],"product_tag":[],"class_list":{"0":"post-48500","1":"product","2":"type-product","3":"status-publish","4":"has-post-thumbnail","6":"product_brand-huawei-de-2","7":"product_cat-batterien","8":"product_cat-huawei-de","11":"first","12":"instock","13":"taxable","14":"shipping-taxable","15":"product-type-simple"},"acf":[],"_links":{"self":[{"href":"https:\/\/evowatt.ch\/de\/wp-json\/wp\/v2\/product\/48500","targetHints":{"allow":["GET"]}}],"collection":[{"href":"https:\/\/evowatt.ch\/de\/wp-json\/wp\/v2\/product"}],"about":[{"href":"https:\/\/evowatt.ch\/de\/wp-json\/wp\/v2\/types\/product"}],"version-history":[{"count":1,"href":"https:\/\/evowatt.ch\/de\/wp-json\/wp\/v2\/product\/48500\/revisions"}],"predecessor-version":[{"id":52802,"href":"https:\/\/evowatt.ch\/de\/wp-json\/wp\/v2\/product\/48500\/revisions\/52802"}],"wp:featuredmedia":[{"embeddable":true,"href":"https:\/\/evowatt.ch\/de\/wp-json\/wp\/v2\/media\/52799"}],"wp:attachment":[{"href":"https:\/\/evowatt.ch\/de\/wp-json\/wp\/v2\/media?parent=48500"}],"wp:term":[{"taxonomy":"product_brand","embeddable":true,"href":"https:\/\/evowatt.ch\/de\/wp-json\/wp\/v2\/product_brand?post=48500"},{"taxonomy":"product_cat","embeddable":true,"href":"https:\/\/evowatt.ch\/de\/wp-json\/wp\/v2\/product_cat?post=48500"},{"taxonomy":"product_tag","embeddable":true,"href":"https:\/\/evowatt.ch\/de\/wp-json\/wp\/v2\/product_tag?post=48500"}],"curies":[{"name":"wp","href":"https:\/\/api.w.org\/{rel}","templated":true}]}}