{"id":48481,"date":"2026-03-10T15:25:36","date_gmt":"2026-03-10T14:25:36","guid":{"rendered":"https:\/\/evowatt.ch\/produit\/goodwe-gw150k-gt-spd-i-ii-afci\/"},"modified":"2026-03-10T15:25:36","modified_gmt":"2026-03-10T14:25:36","slug":"goodwe-gw150k-gt-spd-i-ii-afci","status":"publish","type":"product","link":"https:\/\/evowatt.ch\/de\/produkt\/goodwe-gw150k-gt-spd-i-ii-afci\/","title":{"rendered":"GoodWe GW150K-GT &#8211; SPD I\/II AFCI"},"content":{"rendered":"<p>Der Stringwechselrichter GW150K-GT wurde speziell f\u00fcr Hochleistungs-Photovoltaikmodule entwickelt.<br \/>\nEr verf\u00fcgt \u00fcber 10 MPPTs und einen hohen Eingangsstrom von 21 A pro DC-String, wodurch der Gesamtwirkungsgrad verbessert wird. Der GW150K-GT kann bis zu 180 % (225 kW) \u00fcberdimensioniert werden. Er ist au\u00dferdem mit einer PID-R\u00fcckgewinnungsfunktion, AFCI und einem DC I\/II SPD ausgestattet.  <\/p>\n","protected":false},"excerpt":{"rendered":"<ul>\n<li><strong>Kategorie<\/strong>: String-Wechselrichter<\/li>\n<li><strong>AC-Leistung<\/strong>: 150.00 kW<\/li>\n<li><strong>Netzanschluss<\/strong>: Dreiphasig, 400V<\/li>\n<li><strong>MPPT<\/strong>: 10<\/li>\n<li><strong>Eingang \u00fcber MPPT<\/strong>: 2<\/li>\n<li><strong>DC Blitzableiter<\/strong>: SPD 1+2<\/li>\n<li><strong>Blitzableiter AC<\/strong>: SPD 2<\/li>\n<li><strong>AFCI<\/strong>: Ja<\/li>\n<\/ul>\n","protected":false},"featured_media":48482,"template":"","meta":{"_acf_changed":false},"product_brand":[479],"product_cat":[328],"product_tag":[],"class_list":{"0":"post-48481","1":"product","2":"type-product","3":"status-publish","4":"has-post-thumbnail","6":"product_brand-goodwe-de-2","7":"product_cat-wechselrichter","10":"first","11":"instock","12":"downloadable","13":"taxable","14":"shipping-taxable","15":"product-type-simple"},"acf":[],"_links":{"self":[{"href":"https:\/\/evowatt.ch\/de\/wp-json\/wp\/v2\/product\/48481","targetHints":{"allow":["GET"]}}],"collection":[{"href":"https:\/\/evowatt.ch\/de\/wp-json\/wp\/v2\/product"}],"about":[{"href":"https:\/\/evowatt.ch\/de\/wp-json\/wp\/v2\/types\/product"}],"version-history":[{"count":0,"href":"https:\/\/evowatt.ch\/de\/wp-json\/wp\/v2\/product\/48481\/revisions"}],"wp:featuredmedia":[{"embeddable":true,"href":"https:\/\/evowatt.ch\/de\/wp-json\/wp\/v2\/media\/48482"}],"wp:attachment":[{"href":"https:\/\/evowatt.ch\/de\/wp-json\/wp\/v2\/media?parent=48481"}],"wp:term":[{"taxonomy":"product_brand","embeddable":true,"href":"https:\/\/evowatt.ch\/de\/wp-json\/wp\/v2\/product_brand?post=48481"},{"taxonomy":"product_cat","embeddable":true,"href":"https:\/\/evowatt.ch\/de\/wp-json\/wp\/v2\/product_cat?post=48481"},{"taxonomy":"product_tag","embeddable":true,"href":"https:\/\/evowatt.ch\/de\/wp-json\/wp\/v2\/product_tag?post=48481"}],"curies":[{"name":"wp","href":"https:\/\/api.w.org\/{rel}","templated":true}]}}