{"id":48276,"date":"2026-03-10T15:17:01","date_gmt":"2026-03-10T14:17:01","guid":{"rendered":"https:\/\/evowatt.ch\/produit\/goodwe-sec3000c\/"},"modified":"2026-03-10T15:17:01","modified_gmt":"2026-03-10T14:17:01","slug":"goodwe-sec3000c","status":"publish","type":"product","link":"https:\/\/evowatt.ch\/de\/produkt\/goodwe-sec3000c\/","title":{"rendered":"GoodWe SEC3000C"},"content":{"rendered":"<p>Der GoodWe Smart Energy Controller SEC3000C erm\u00f6glicht die zentrale \u00dcberwachung der Solaranlage und unterst\u00fctzt die Erfassung und Analyse von Echtzeitdaten. Dar\u00fcber hinaus erm\u00f6glicht der SEC3000C die Parallelschaltung von netzgekoppelten C&amp;I-Wechselrichtern und GoodWe C&amp;I Hybrid-Wechselrichtern.<br \/>\n&#8211; Maximale Anzahl an Ger\u00e4ten: ET40\/50 x 10 + GT x 40<br \/>\n&#8211; 4G inbegriffen <\/p>\n","protected":false},"excerpt":{"rendered":"<ul>\n<li><strong>Kategorie<\/strong>: Aufsicht\/\u00dcberwachung<\/li>\n<li><strong>Produktgarantie<\/strong>: 2 Jahre<\/li>\n<li><strong>L\u00e4nge<\/strong>: 575 mm<\/li>\n<li><strong>Breite<\/strong>: 400 mm<\/li>\n<li><strong>Dicke<\/strong>: 242 mm<\/li>\n<li><strong>Gewicht<\/strong>: 14.000 kg<\/li>\n<\/ul>\n","protected":false},"featured_media":48277,"template":"","meta":{"_acf_changed":false},"product_brand":[479],"product_cat":[392],"product_tag":[],"class_list":{"0":"post-48276","1":"product","2":"type-product","3":"status-publish","4":"has-post-thumbnail","6":"product_brand-goodwe-de-2","7":"product_cat-accessoires-2-de","10":"first","11":"instock","12":"downloadable","13":"taxable","14":"shipping-taxable","15":"product-type-simple"},"acf":[],"_links":{"self":[{"href":"https:\/\/evowatt.ch\/de\/wp-json\/wp\/v2\/product\/48276","targetHints":{"allow":["GET"]}}],"collection":[{"href":"https:\/\/evowatt.ch\/de\/wp-json\/wp\/v2\/product"}],"about":[{"href":"https:\/\/evowatt.ch\/de\/wp-json\/wp\/v2\/types\/product"}],"version-history":[{"count":0,"href":"https:\/\/evowatt.ch\/de\/wp-json\/wp\/v2\/product\/48276\/revisions"}],"wp:featuredmedia":[{"embeddable":true,"href":"https:\/\/evowatt.ch\/de\/wp-json\/wp\/v2\/media\/48277"}],"wp:attachment":[{"href":"https:\/\/evowatt.ch\/de\/wp-json\/wp\/v2\/media?parent=48276"}],"wp:term":[{"taxonomy":"product_brand","embeddable":true,"href":"https:\/\/evowatt.ch\/de\/wp-json\/wp\/v2\/product_brand?post=48276"},{"taxonomy":"product_cat","embeddable":true,"href":"https:\/\/evowatt.ch\/de\/wp-json\/wp\/v2\/product_cat?post=48276"},{"taxonomy":"product_tag","embeddable":true,"href":"https:\/\/evowatt.ch\/de\/wp-json\/wp\/v2\/product_tag?post=48276"}],"curies":[{"name":"wp","href":"https:\/\/api.w.org\/{rel}","templated":true}]}}