{"id":48225,"date":"2026-03-10T15:14:18","date_gmt":"2026-03-10T14:14:18","guid":{"rendered":"https:\/\/evowatt.ch\/produit\/goodwe-esa-125kw-261kwh\/"},"modified":"2026-03-10T15:14:18","modified_gmt":"2026-03-10T14:14:18","slug":"goodwe-esa-125kw-261kwh","status":"publish","type":"product","link":"https:\/\/evowatt.ch\/de\/produkt\/goodwe-esa-125kw-261kwh\/","title":{"rendered":"GoodWe ESA 125kW\/261kWh"},"content":{"rendered":"<p>Fl\u00fcssigkeitsgek\u00fchltes All-in-One-Energiespeichersystem f\u00fcr Gewerbe und Industrie mit 125 kW\/261 kWh<br \/>\nMit einer Grundfl\u00e4che von 1,47 Quadratmetern und einer Energiedichte von 177,6 kWh\/m2 ist es ideal f\u00fcr Standorte mit begrenztem Platzangebot. Der ESA125\/261 ist mit hochwertigen 314 Ah Lithium-Eisen-Phosphat (LFP)-Zellen mit einem fortschrittlichen K\u00fchlsystem ausgestattet, das eine gleichm\u00e4\u00dfige Temperaturverteilung in den Zellen und Batteriepacks auch unter extremen Umweltbedingungen gew\u00e4hrleistet. Integriertes Brandschutzsystem auf der Ebene der Zellen und Batterien  <\/p>\n<p>Ein Smart Meter (GM330) ist nicht im Lieferumfang enthalten und muss separat bestellt werden. F\u00fcr die Parallelschaltung ab 2 ESA ist ein SEC3000C erforderlich. <\/p>\n<p>&#8211; Unterst\u00fctzt jetzt bis zu 20 parallel betriebene Einheiten (2,50 MW\/5,22 MWh)<br \/>\n&#8211; KI-gest\u00fctzte Diagnose und Prognose des Betriebszustands der Batterien<br \/>\nminus<br \/>\nfortschrittliche Versteifung, die eine gleichm\u00e4\u00dfige Temperaturverteilung in den Zellen und Batteriepacks auch unter extremen Umweltbedingungen sicherstellt. Integriertes Brandschutzsystem auf der Ebene der Paneele und Batterien <\/p>\n<p>Ein Smart Meter (GM330) ist nicht im Lieferumfang enthalten und muss separat bestellt werden. F\u00fcr die Parallelschaltung ab 2 ESA ist ein SEC3000C erforderlich. <\/p>\n<p>&#8211; Unterst\u00fctzt jetzt bis zu 20 parallel laufende Einheiten (2,50 MW\/5,22 MWh)<br \/>\n&#8211; KI-gest\u00fctzte Diagnose und Prognose des Betriebszustands der Batterien<\/p>\n","protected":false},"excerpt":{"rendered":"<ul>\n<li><strong>Kategorie<\/strong>: AC-Systeme<\/li>\n<li>Kommerzieller Akkumulator<\/li>\n<li><strong>Batteriekapazit\u00e4t<\/strong>: 261.00 kWh<\/li>\n<li><strong>Produktgarantie<\/strong>: 5 Jahre<\/li>\n<li><strong>Entladungstiefe<\/strong>: 100.00 %.<\/li>\n<li><strong>Batterietechnologie<\/strong>: Lithium-Eisenphosphat<\/li>\n<li><strong>Schutzklasse<\/strong>: IP54<\/li>\n<li><strong>Temperaturbereich<\/strong>: -20\u00b0C bis 55\u00b0C<\/li>\n<\/ul>\n","protected":false},"featured_media":48226,"template":"","meta":{"_acf_changed":false},"product_brand":[479],"product_cat":[358],"product_tag":[],"class_list":{"0":"post-48225","1":"product","2":"type-product","3":"status-publish","4":"has-post-thumbnail","6":"product_brand-goodwe-de-2","7":"product_cat-batterien","10":"first","11":"instock","12":"downloadable","13":"taxable","14":"shipping-taxable","15":"product-type-simple"},"acf":[],"_links":{"self":[{"href":"https:\/\/evowatt.ch\/de\/wp-json\/wp\/v2\/product\/48225","targetHints":{"allow":["GET"]}}],"collection":[{"href":"https:\/\/evowatt.ch\/de\/wp-json\/wp\/v2\/product"}],"about":[{"href":"https:\/\/evowatt.ch\/de\/wp-json\/wp\/v2\/types\/product"}],"version-history":[{"count":0,"href":"https:\/\/evowatt.ch\/de\/wp-json\/wp\/v2\/product\/48225\/revisions"}],"wp:featuredmedia":[{"embeddable":true,"href":"https:\/\/evowatt.ch\/de\/wp-json\/wp\/v2\/media\/48226"}],"wp:attachment":[{"href":"https:\/\/evowatt.ch\/de\/wp-json\/wp\/v2\/media?parent=48225"}],"wp:term":[{"taxonomy":"product_brand","embeddable":true,"href":"https:\/\/evowatt.ch\/de\/wp-json\/wp\/v2\/product_brand?post=48225"},{"taxonomy":"product_cat","embeddable":true,"href":"https:\/\/evowatt.ch\/de\/wp-json\/wp\/v2\/product_cat?post=48225"},{"taxonomy":"product_tag","embeddable":true,"href":"https:\/\/evowatt.ch\/de\/wp-json\/wp\/v2\/product_tag?post=48225"}],"curies":[{"name":"wp","href":"https:\/\/api.w.org\/{rel}","templated":true}]}}