{"id":48199,"date":"2026-03-10T15:13:16","date_gmt":"2026-03-10T14:13:16","guid":{"rendered":"https:\/\/evowatt.ch\/produit\/goodwe-wifilan-2-0-cyber-security-dongle\/"},"modified":"2026-03-10T15:13:16","modified_gmt":"2026-03-10T14:13:16","slug":"goodwe-wifilan-2-0-cyber-security-dongle","status":"publish","type":"product","link":"https:\/\/evowatt.ch\/de\/produkt\/goodwe-wifilan-2-0-cyber-security-dongle\/","title":{"rendered":"GoodWe Wifi+LAN 2.0 Cyber Security Dongle"},"content":{"rendered":"<p>Die integrierten WiFi- und LAN-Funktionen sorgen f\u00fcr eine stabile Kommunikation und k\u00fcrzere Reaktionszeiten.<br \/>\nDar\u00fcber hinaus unterst\u00fctzt der Dongle die lokale Konfiguration \u00fcber Bluetooth,<br \/>\n, was die Konfiguration und Nutzung noch bequemer macht. Dieses<br \/>\nfortschrittliche Kommunikationspaket garantiert die Sicherheit der Daten w\u00e4hrend der<br \/>\n\u00dcbertragung und minimiert das Risiko eines Datenverlustes durch die<br \/>\nUnterst\u00fctzung der Breakpoint Retransmission. <\/p>\n<p>Kompatibel mit den Cybersicherheitsstandards EN303645, EN18031<br \/>\nweniger<br \/>\ne Datenverlust durch<br \/>\nUnterst\u00fctzung von Breakpoint Retransmission.<\/p>\n<p>Kompatibel mit den Cybersicherheitsstandards EN303645, EN18031<\/p>\n","protected":false},"excerpt":{"rendered":"<ul>\n<li><strong>Kategorie<\/strong>: Aufsicht\/\u00dcberwachung<\/li>\n<li><strong>Produktgarantie<\/strong>: 2 Jahre<\/li>\n<li><strong>Schutzklasse<\/strong>: IP65<\/li>\n<li><strong>L\u00e4nge<\/strong>: 159 mm<\/li>\n<li><strong>Breite<\/strong>: 48 mm<\/li>\n<li><strong>Dicke<\/strong>: 32 mm<\/li>\n<li><strong>Gewicht<\/strong>: 0.082 kg<\/li>\n<\/ul>\n","protected":false},"featured_media":48200,"template":"","meta":{"_acf_changed":false},"product_brand":[479],"product_cat":[392],"product_tag":[],"class_list":{"0":"post-48199","1":"product","2":"type-product","3":"status-publish","4":"has-post-thumbnail","6":"product_brand-goodwe-de-2","7":"product_cat-accessoires-2-de","10":"first","11":"instock","12":"downloadable","13":"taxable","14":"shipping-taxable","15":"product-type-simple"},"acf":[],"_links":{"self":[{"href":"https:\/\/evowatt.ch\/de\/wp-json\/wp\/v2\/product\/48199","targetHints":{"allow":["GET"]}}],"collection":[{"href":"https:\/\/evowatt.ch\/de\/wp-json\/wp\/v2\/product"}],"about":[{"href":"https:\/\/evowatt.ch\/de\/wp-json\/wp\/v2\/types\/product"}],"version-history":[{"count":0,"href":"https:\/\/evowatt.ch\/de\/wp-json\/wp\/v2\/product\/48199\/revisions"}],"wp:featuredmedia":[{"embeddable":true,"href":"https:\/\/evowatt.ch\/de\/wp-json\/wp\/v2\/media\/48200"}],"wp:attachment":[{"href":"https:\/\/evowatt.ch\/de\/wp-json\/wp\/v2\/media?parent=48199"}],"wp:term":[{"taxonomy":"product_brand","embeddable":true,"href":"https:\/\/evowatt.ch\/de\/wp-json\/wp\/v2\/product_brand?post=48199"},{"taxonomy":"product_cat","embeddable":true,"href":"https:\/\/evowatt.ch\/de\/wp-json\/wp\/v2\/product_cat?post=48199"},{"taxonomy":"product_tag","embeddable":true,"href":"https:\/\/evowatt.ch\/de\/wp-json\/wp\/v2\/product_tag?post=48199"}],"curies":[{"name":"wp","href":"https:\/\/api.w.org\/{rel}","templated":true}]}}