{"id":48155,"date":"2026-03-10T15:10:59","date_gmt":"2026-03-10T14:10:59","guid":{"rendered":"https:\/\/evowatt.ch\/produit\/goodwe-gw60k-smt-g2\/"},"modified":"2026-03-10T15:10:59","modified_gmt":"2026-03-10T14:10:59","slug":"goodwe-gw60k-smt-g2","status":"publish","type":"product","link":"https:\/\/evowatt.ch\/de\/produkt\/goodwe-gw60k-smt-g2\/","title":{"rendered":"GoodWe GW60K-SMT-G2"},"content":{"rendered":"<p>Der SMT G2 60kW String-Wechselrichter wurde speziell f\u00fcr Hochleistungs-Photovoltaikmodule entwickelt.<br \/>\nEr verf\u00fcgt \u00fcber 4 MPPTs und einen hohen Eingangsstrom von 21 A pro DC-String, was den Gesamtwirkungsgrad verbessert. Er ist au\u00dferdem mit einer PID-R\u00fcckgewinnungsfunktion, AFCI und einem DC I\/II SPD ausgestattet. Mit einem Gewicht von nur 42 kg und einem extrem leisen Betrieb ist er ideal f\u00fcr Installationen in ger\u00e4uschsensiblen Umgebungen.<br \/>\nweniger<br \/>\neisen, ist er ideal f\u00fcr Installationen in ger\u00e4uschsensiblen Umgebungen.  <\/p>\n","protected":false},"excerpt":{"rendered":"<ul>\n<li><strong>Kategorie<\/strong>: String-Wechselrichter<\/li>\n<li><strong>AC-Leistung<\/strong>: 60.00 kW<\/li>\n<li><strong>Netzanschluss<\/strong>: Dreiphasig, 400V<\/li>\n<li><strong>MPPT<\/strong>: 4<\/li>\n<li><strong>Eingang \u00fcber MPPT<\/strong>: 2<\/li>\n<li><strong>DC Blitzableiter<\/strong>: SPD 1+2<\/li>\n<li><strong>Blitzableiter AC<\/strong>: SPD 2<\/li>\n<li><strong>AFCI<\/strong>: Ja<\/li>\n<\/ul>\n","protected":false},"featured_media":48156,"template":"","meta":{"_acf_changed":false},"product_brand":[479],"product_cat":[328],"product_tag":[],"class_list":{"0":"post-48155","1":"product","2":"type-product","3":"status-publish","4":"has-post-thumbnail","6":"product_brand-goodwe-de-2","7":"product_cat-wechselrichter","10":"first","11":"instock","12":"downloadable","13":"taxable","14":"shipping-taxable","15":"product-type-simple"},"acf":[],"_links":{"self":[{"href":"https:\/\/evowatt.ch\/de\/wp-json\/wp\/v2\/product\/48155","targetHints":{"allow":["GET"]}}],"collection":[{"href":"https:\/\/evowatt.ch\/de\/wp-json\/wp\/v2\/product"}],"about":[{"href":"https:\/\/evowatt.ch\/de\/wp-json\/wp\/v2\/types\/product"}],"version-history":[{"count":0,"href":"https:\/\/evowatt.ch\/de\/wp-json\/wp\/v2\/product\/48155\/revisions"}],"wp:featuredmedia":[{"embeddable":true,"href":"https:\/\/evowatt.ch\/de\/wp-json\/wp\/v2\/media\/48156"}],"wp:attachment":[{"href":"https:\/\/evowatt.ch\/de\/wp-json\/wp\/v2\/media?parent=48155"}],"wp:term":[{"taxonomy":"product_brand","embeddable":true,"href":"https:\/\/evowatt.ch\/de\/wp-json\/wp\/v2\/product_brand?post=48155"},{"taxonomy":"product_cat","embeddable":true,"href":"https:\/\/evowatt.ch\/de\/wp-json\/wp\/v2\/product_cat?post=48155"},{"taxonomy":"product_tag","embeddable":true,"href":"https:\/\/evowatt.ch\/de\/wp-json\/wp\/v2\/product_tag?post=48155"}],"curies":[{"name":"wp","href":"https:\/\/api.w.org\/{rel}","templated":true}]}}