{"id":48029,"date":"2026-03-10T15:05:20","date_gmt":"2026-03-10T14:05:20","guid":{"rendered":"https:\/\/evowatt.ch\/produit\/goodwe-bat-112-kwh-gw112-6-bat-ac-g10\/"},"modified":"2026-03-10T15:05:20","modified_gmt":"2026-03-10T14:05:20","slug":"goodwe-bat-112-kwh-gw112-6-bat-ac-g10","status":"publish","type":"product","link":"https:\/\/evowatt.ch\/de\/produkt\/goodwe-bat-112-kwh-gw112-6-bat-ac-g10\/","title":{"rendered":"GoodWe BAT 112 kWh GW112.6-BAT-AC-G10"},"content":{"rendered":"<p>Batteriesystem f\u00fcr kommerzielle und industrielle Au\u00dfenanwendungen.<br \/>\nFlexible und skalierbare C&amp;I-Anwendungen<br \/>\nUnterbrechungsfreie Stromversorgung<br \/>\nH\u00f6chste Sicherheitsstandards, einschlie\u00dflich aerosolbasierter Brandbek\u00e4mpfung auf Panel- und Batterieebene.<br \/>\nUnterst\u00fctzt eine kontinuierliche Ladung bei 0,9 C und eine Entladung bei 1.1 C<br \/>\nUnterst\u00fctzt 4 parallele Einheiten bis zu 450 kWh (mit GoodWe ET 40\/50 und GoodWe ET 80\/100)<br \/>\nminus<br \/>\nparallele Einheiten bis zu 450 kWh (mit GoodWe ET 40\/50 und GoodWe ET 80\/100)<\/p>\n<p>Kompatibel mit:<br \/>\nGoodWe ET 40\/50<br \/>\nGoodWe ET 15-30 &#8211; Unterst\u00fctzt eine einzelne GoodWe BAT112 kWh.<\/p>\n","protected":false},"excerpt":{"rendered":"<ul>\n<li><strong>Kategorie<\/strong>: Gleichstrom-Akkumulator<\/li>\n<li>Kommerzieller Akkumulator<\/li>\n<li><strong>Batteriekapazit\u00e4t<\/strong>: 112.00 kWh<\/li>\n<li><strong>Produktgarantie<\/strong>: 5 Jahre<\/li>\n<li><strong>Entladungstiefe<\/strong>: 100.00 %.<\/li>\n<li><strong>Batterietechnologie<\/strong>: Lithium-Eisenphosphat<\/li>\n<li><strong>Schutzklasse<\/strong>: IP55<\/li>\n<li><strong>Temperaturbereich<\/strong>: -20\u00b0C bis 55\u00b0C<\/li>\n<\/ul>\n","protected":false},"featured_media":48031,"template":"","meta":{"_acf_changed":false},"product_brand":[479],"product_cat":[358],"product_tag":[],"class_list":{"0":"post-48029","1":"product","2":"type-product","3":"status-publish","4":"has-post-thumbnail","6":"product_brand-goodwe-de-2","7":"product_cat-batterien","10":"first","11":"instock","12":"downloadable","13":"taxable","14":"shipping-taxable","15":"product-type-simple"},"acf":[],"_links":{"self":[{"href":"https:\/\/evowatt.ch\/de\/wp-json\/wp\/v2\/product\/48029","targetHints":{"allow":["GET"]}}],"collection":[{"href":"https:\/\/evowatt.ch\/de\/wp-json\/wp\/v2\/product"}],"about":[{"href":"https:\/\/evowatt.ch\/de\/wp-json\/wp\/v2\/types\/product"}],"version-history":[{"count":0,"href":"https:\/\/evowatt.ch\/de\/wp-json\/wp\/v2\/product\/48029\/revisions"}],"wp:featuredmedia":[{"embeddable":true,"href":"https:\/\/evowatt.ch\/de\/wp-json\/wp\/v2\/media\/48031"}],"wp:attachment":[{"href":"https:\/\/evowatt.ch\/de\/wp-json\/wp\/v2\/media?parent=48029"}],"wp:term":[{"taxonomy":"product_brand","embeddable":true,"href":"https:\/\/evowatt.ch\/de\/wp-json\/wp\/v2\/product_brand?post=48029"},{"taxonomy":"product_cat","embeddable":true,"href":"https:\/\/evowatt.ch\/de\/wp-json\/wp\/v2\/product_cat?post=48029"},{"taxonomy":"product_tag","embeddable":true,"href":"https:\/\/evowatt.ch\/de\/wp-json\/wp\/v2\/product_tag?post=48029"}],"curies":[{"name":"wp","href":"https:\/\/api.w.org\/{rel}","templated":true}]}}