{"id":47873,"date":"2026-03-10T14:58:33","date_gmt":"2026-03-10T13:58:33","guid":{"rendered":"https:\/\/evowatt.ch\/produit\/huawei-battery-maintenance-tray-kit\/"},"modified":"2026-03-10T14:58:33","modified_gmt":"2026-03-10T13:58:33","slug":"huawei-battery-maintenance-tray-kit","status":"publish","type":"product","link":"https:\/\/evowatt.ch\/de\/produkt\/huawei-battery-maintenance-tray-kit\/","title":{"rendered":"Huawei Battery Maintenance tray kit"},"content":{"rendered":"<p>Batterie-Wartungsset f\u00fcr Artikel 109.355.071 \/ 109.355.072<br \/>\nWird f\u00fcr den Austausch im Garantiefall oder f\u00fcr au\u00dferordentliche Wartungsarbeiten ben\u00f6tigt.<\/p>\n","protected":false},"excerpt":{"rendered":"<ul>\n<li>Kategorie: Tools<\/li>\n<li>L\u00e4nge: 2.093 mm<\/li>\n<li>Breite: 1.403 mm<\/li>\n<li>Dicke: 778 mm<\/li>\n<li>Gewicht: 87.000 kg<\/li>\n<\/ul>\n","protected":false},"featured_media":52828,"template":"","meta":{"_acf_changed":false},"product_brand":[495],"product_cat":[358,359],"product_tag":[],"class_list":{"0":"post-47873","1":"product","2":"type-product","3":"status-publish","4":"has-post-thumbnail","6":"product_brand-huawei-de-2","7":"product_cat-batterien","8":"product_cat-huawei-de","11":"first","12":"instock","13":"taxable","14":"shipping-taxable","15":"product-type-simple"},"acf":[],"_links":{"self":[{"href":"https:\/\/evowatt.ch\/de\/wp-json\/wp\/v2\/product\/47873","targetHints":{"allow":["GET"]}}],"collection":[{"href":"https:\/\/evowatt.ch\/de\/wp-json\/wp\/v2\/product"}],"about":[{"href":"https:\/\/evowatt.ch\/de\/wp-json\/wp\/v2\/types\/product"}],"version-history":[{"count":0,"href":"https:\/\/evowatt.ch\/de\/wp-json\/wp\/v2\/product\/47873\/revisions"}],"wp:featuredmedia":[{"embeddable":true,"href":"https:\/\/evowatt.ch\/de\/wp-json\/wp\/v2\/media\/52828"}],"wp:attachment":[{"href":"https:\/\/evowatt.ch\/de\/wp-json\/wp\/v2\/media?parent=47873"}],"wp:term":[{"taxonomy":"product_brand","embeddable":true,"href":"https:\/\/evowatt.ch\/de\/wp-json\/wp\/v2\/product_brand?post=47873"},{"taxonomy":"product_cat","embeddable":true,"href":"https:\/\/evowatt.ch\/de\/wp-json\/wp\/v2\/product_cat?post=47873"},{"taxonomy":"product_tag","embeddable":true,"href":"https:\/\/evowatt.ch\/de\/wp-json\/wp\/v2\/product_tag?post=47873"}],"curies":[{"name":"wp","href":"https:\/\/api.w.org\/{rel}","templated":true}]}}