{"id":47849,"date":"2026-03-10T14:57:25","date_gmt":"2026-03-10T13:57:25","guid":{"rendered":"https:\/\/evowatt.ch\/produit\/goodwe-ezlogger-pro\/"},"modified":"2026-03-10T14:57:25","modified_gmt":"2026-03-10T13:57:25","slug":"goodwe-ezlogger-pro","status":"publish","type":"product","link":"https:\/\/evowatt.ch\/de\/produkt\/goodwe-ezlogger-pro\/","title":{"rendered":"GoodWe EzLogger Pro"},"content":{"rendered":"<p>Erm\u00f6glicht u.a. die Verbindung zur GoodWe Monitoring-Plattform (SEMS-Portal) &#8211; keine Visualisierung des Verbrauchs. Kompatibel mit den Wechselrichtern GoodWe SDT G2, SMT, MT und HT.<br \/>\nDer EzLogger Pro kann ein Maximum von 60 Ger\u00e4ten verwalten. &#8211; Es wird empfohlen, maximal 20 Ger\u00e4te \u00fcber eine RS485 Schnittstelle anzuschlie\u00dfen.<br \/>\nDer EzLogger Pro erm\u00f6glicht den Anschluss an Rundsteuerempf\u00e4nger.<br \/>\nminus<br \/>\nRundsteuerempf\u00e4nger. <\/p>\n","protected":false},"excerpt":{"rendered":"<ul>\n<li><strong>Kategorie<\/strong>: Aufsicht\/\u00dcberwachung<\/li>\n<li><strong>Produktgarantie<\/strong>: 2 Jahre<\/li>\n<li><strong>L\u00e4nge<\/strong>: 190 mm<\/li>\n<li><strong>Breite<\/strong>: 118 mm<\/li>\n<li><strong>Dicke<\/strong>: 37 mm<\/li>\n<li><strong>Gewicht<\/strong>: 0.500 kg<\/li>\n<\/ul>\n","protected":false},"featured_media":47850,"template":"","meta":{"_acf_changed":false},"product_brand":[479],"product_cat":[392],"product_tag":[],"class_list":{"0":"post-47849","1":"product","2":"type-product","3":"status-publish","4":"has-post-thumbnail","6":"product_brand-goodwe-de-2","7":"product_cat-accessoires-2-de","10":"first","11":"instock","12":"downloadable","13":"taxable","14":"shipping-taxable","15":"product-type-simple"},"acf":[],"_links":{"self":[{"href":"https:\/\/evowatt.ch\/de\/wp-json\/wp\/v2\/product\/47849","targetHints":{"allow":["GET"]}}],"collection":[{"href":"https:\/\/evowatt.ch\/de\/wp-json\/wp\/v2\/product"}],"about":[{"href":"https:\/\/evowatt.ch\/de\/wp-json\/wp\/v2\/types\/product"}],"version-history":[{"count":0,"href":"https:\/\/evowatt.ch\/de\/wp-json\/wp\/v2\/product\/47849\/revisions"}],"wp:featuredmedia":[{"embeddable":true,"href":"https:\/\/evowatt.ch\/de\/wp-json\/wp\/v2\/media\/47850"}],"wp:attachment":[{"href":"https:\/\/evowatt.ch\/de\/wp-json\/wp\/v2\/media?parent=47849"}],"wp:term":[{"taxonomy":"product_brand","embeddable":true,"href":"https:\/\/evowatt.ch\/de\/wp-json\/wp\/v2\/product_brand?post=47849"},{"taxonomy":"product_cat","embeddable":true,"href":"https:\/\/evowatt.ch\/de\/wp-json\/wp\/v2\/product_cat?post=47849"},{"taxonomy":"product_tag","embeddable":true,"href":"https:\/\/evowatt.ch\/de\/wp-json\/wp\/v2\/product_tag?post=47849"}],"curies":[{"name":"wp","href":"https:\/\/api.w.org\/{rel}","templated":true}]}}