{"id":47588,"date":"2026-03-10T14:46:35","date_gmt":"2026-03-10T13:46:35","guid":{"rendered":"https:\/\/evowatt.ch\/produit\/huawei-sun2000-2-6ktl-l1-bom-kit-02233dxx\/"},"modified":"2026-04-14T16:47:42","modified_gmt":"2026-04-14T14:47:42","slug":"huawei-sun2000-2-6ktl-l1-bom-kit-02233dxx","status":"publish","type":"product","link":"https:\/\/evowatt.ch\/de\/produkt\/huawei-sun2000-2-6ktl-l1-bom-kit-02233dxx\/","title":{"rendered":"Huawei SUN2000 2-6KTL-L1 -BOM Kit 02233DXX"},"content":{"rendered":"<p>KIT BOM pour Huawei Sun2000 2-6KTL-L1<br \/>\nLe produit comprend les \u00e9l\u00e9ments suivants : fiche CC, femelle &#8211; 3 pcs (connecteur femelle du bornier PV), fiche CC, m\u00e2le &#8211; 3 pcs (connecteur m\u00e2le du bornier PV), borne de communication, m\u00e2le &#8211; 1 pce (borne de communication, m\u00e2le), borne CA, femelle &#8211; 1 pce (borne de raccordement r\u00e9seau CA)<\/p>\n","protected":false},"excerpt":{"rendered":"<ul>\n<li>Cat\u00e9gorie : Accessoires<\/li>\n<li>Longueur : 300 mm<\/li>\n<li>Largeur : 200 mm<\/li>\n<li>\u00e9paisseur : 100 mm<\/li>\n<li>poids : 0.500 kg<\/li>\n<\/ul>\n","protected":false},"featured_media":50456,"template":"","meta":{"_acf_changed":false},"product_brand":[210],"product_cat":[212],"product_tag":[],"class_list":{"0":"post-47588","1":"product","2":"type-product","3":"status-publish","4":"has-post-thumbnail","6":"product_brand-huawei","7":"product_cat-accessoires-pour-onduleurs","10":"first","11":"instock","12":"taxable","13":"shipping-taxable","14":"product-type-simple"},"acf":[],"_links":{"self":[{"href":"https:\/\/evowatt.ch\/de\/wp-json\/wp\/v2\/product\/47588","targetHints":{"allow":["GET"]}}],"collection":[{"href":"https:\/\/evowatt.ch\/de\/wp-json\/wp\/v2\/product"}],"about":[{"href":"https:\/\/evowatt.ch\/de\/wp-json\/wp\/v2\/types\/product"}],"version-history":[{"count":0,"href":"https:\/\/evowatt.ch\/de\/wp-json\/wp\/v2\/product\/47588\/revisions"}],"wp:featuredmedia":[{"embeddable":true,"href":"https:\/\/evowatt.ch\/de\/wp-json\/wp\/v2\/media\/50456"}],"wp:attachment":[{"href":"https:\/\/evowatt.ch\/de\/wp-json\/wp\/v2\/media?parent=47588"}],"wp:term":[{"taxonomy":"product_brand","embeddable":true,"href":"https:\/\/evowatt.ch\/de\/wp-json\/wp\/v2\/product_brand?post=47588"},{"taxonomy":"product_cat","embeddable":true,"href":"https:\/\/evowatt.ch\/de\/wp-json\/wp\/v2\/product_cat?post=47588"},{"taxonomy":"product_tag","embeddable":true,"href":"https:\/\/evowatt.ch\/de\/wp-json\/wp\/v2\/product_tag?post=47588"}],"curies":[{"name":"wp","href":"https:\/\/api.w.org\/{rel}","templated":true}]}}