{"id":47468,"date":"2026-03-10T14:42:03","date_gmt":"2026-03-10T13:42:03","guid":{"rendered":"https:\/\/evowatt.ch\/produit\/huawei-sun2000-30-50ktl-m3-bom-kit-02233spv\/"},"modified":"2026-04-14T16:48:27","modified_gmt":"2026-04-14T14:48:27","slug":"huawei-sun2000-30-50ktl-m3-bom-kit-02233spv","status":"publish","type":"product","link":"https:\/\/evowatt.ch\/de\/produkt\/huawei-sun2000-30-50ktl-m3-bom-kit-02233spv\/","title":{"rendered":"Huawei SUN2000 30-50KTL-M3 -BOM KIT 02233SPV"},"content":{"rendered":"<p>KIT BOM pour Huawei Sun2000 30-50KTL-M3<br \/>\nLe produit comprend les \u00e9l\u00e9ments suivants : fiche CC femelle Amphenol &#8211; 3 pcs (connecteur femelle du bornier PV), fiche CC m\u00e2le Amphenol &#8211; 3 pcs (connecteur m\u00e2le du bornier PV), connexion de communication, 16 broches, 24 V, 2 A, taille 0.2-1.5 mm, 16 bornes d\u2019extr\u00e9mit\u00e9 de c\u00e2ble unique<\/p>\n","protected":false},"excerpt":{"rendered":"<ul>\n<li>Cat\u00e9gorie : Accessoires<\/li>\n<li>Longueur : 300 mm<\/li>\n<li>Largeur : 250 mm<\/li>\n<li>\u00e9paisseur : 140 mm<\/li>\n<li>poids : 1.500 kg<\/li>\n<\/ul>\n","protected":false},"featured_media":50461,"template":"","meta":{"_acf_changed":false},"product_brand":[210],"product_cat":[212],"product_tag":[],"class_list":{"0":"post-47468","1":"product","2":"type-product","3":"status-publish","4":"has-post-thumbnail","6":"product_brand-huawei","7":"product_cat-accessoires-pour-onduleurs","10":"first","11":"instock","12":"taxable","13":"shipping-taxable","14":"product-type-simple"},"acf":[],"_links":{"self":[{"href":"https:\/\/evowatt.ch\/de\/wp-json\/wp\/v2\/product\/47468","targetHints":{"allow":["GET"]}}],"collection":[{"href":"https:\/\/evowatt.ch\/de\/wp-json\/wp\/v2\/product"}],"about":[{"href":"https:\/\/evowatt.ch\/de\/wp-json\/wp\/v2\/types\/product"}],"version-history":[{"count":0,"href":"https:\/\/evowatt.ch\/de\/wp-json\/wp\/v2\/product\/47468\/revisions"}],"wp:featuredmedia":[{"embeddable":true,"href":"https:\/\/evowatt.ch\/de\/wp-json\/wp\/v2\/media\/50461"}],"wp:attachment":[{"href":"https:\/\/evowatt.ch\/de\/wp-json\/wp\/v2\/media?parent=47468"}],"wp:term":[{"taxonomy":"product_brand","embeddable":true,"href":"https:\/\/evowatt.ch\/de\/wp-json\/wp\/v2\/product_brand?post=47468"},{"taxonomy":"product_cat","embeddable":true,"href":"https:\/\/evowatt.ch\/de\/wp-json\/wp\/v2\/product_cat?post=47468"},{"taxonomy":"product_tag","embeddable":true,"href":"https:\/\/evowatt.ch\/de\/wp-json\/wp\/v2\/product_tag?post=47468"}],"curies":[{"name":"wp","href":"https:\/\/api.w.org\/{rel}","templated":true}]}}