{"id":47222,"date":"2026-03-10T14:31:36","date_gmt":"2026-03-10T13:31:36","guid":{"rendered":"https:\/\/evowatt.ch\/produit\/huawei-luna2000-21-s1-2\/"},"modified":"2026-04-14T16:49:29","modified_gmt":"2026-04-14T14:49:29","slug":"huawei-luna2000-21-s1-2","status":"publish","type":"product","link":"https:\/\/evowatt.ch\/de\/produkt\/huawei-luna2000-21-s1-2\/","title":{"rendered":"Huawei LUNA2000-21-S1"},"content":{"rendered":"<p>Intelligentes Energiespeichersystem<br \/>\nJe nach Wahl des Hybrid-Wechselrichters k\u00f6nnen bis zu 4 Batteriet\u00fcrme parallel betrieben werden.<br \/>\nDie Huawei LUNA2000-7-E1 Batteriet\u00fcrme k\u00f6nnen nicht mit den LUNA2000-5-E0 Batteriet\u00fcrmen kombiniert werden.<br \/>\nNotstromversorgung (optional)<br \/>\n&#8211; einphasig mit Huawei 3-10KTL-M1 \/ 12-25 KTL-MB0 und Hu [&#8230;]<br \/>\nLesen Sie<\/p>\n<p>Kompatibel mit:<br \/>\nSUN2000-2\/3\/3.68\/4\/4.6\/5\/6KTL-L1<br \/>\nSUN2000-3\/4\/5\/6\/8\/10KTL-M1,<br \/>\nSUN2000-5\/6\/8\/10\/12.5K-MAP0,<br \/>\nSUN2000-12\/15\/17\/20\/25K-MB0<\/p>\n<p>F\u00fcr die Installation mit einem SUN2000-5\/6\/8\/10\/12K-MAP0 ist auch das Huawei Luna S0\/S1-5-12 MAP0 KIT BOM 04072543 (105.204.045) erforderlich.<\/p>\n","protected":false},"excerpt":{"rendered":"<ul>\n<li>Kategorie: Gleichstrom-Akkumulator Haushaltsakkumulator<\/li>\n<li>Batteriekapazit\u00e4t: 20.70 kWh<\/li>\n<li>Zinssatz C: 0.5C<\/li>\n<li>Produktgarantie: 5 Jahre \/ 15 Jahre mit Huawei Smart PV<\/li>\n<li>Batterietechnologie: Lithium-Eisenphosphat<\/li>\n<li>Schutzklasse: IP66<\/li>\n<li>Ger\u00e4uschentwicklung: 29.00 dB<\/li>\n<li>Temperaturbereich: -20\u00b0C bis + 55\u00b0C<\/li>\n<li>L\u00e4nge: 590 mm<\/li>\n<li>Breite: 255 mm<\/li>\n<\/ul>\n","protected":false},"featured_media":52841,"template":"","meta":{"_acf_changed":false},"product_brand":[495],"product_cat":[358,359],"product_tag":[],"class_list":{"0":"post-47222","1":"product","2":"type-product","3":"status-publish","4":"has-post-thumbnail","6":"product_brand-huawei-de-2","7":"product_cat-batterien","8":"product_cat-huawei-de","11":"first","12":"instock","13":"taxable","14":"shipping-taxable","15":"product-type-simple"},"acf":[],"_links":{"self":[{"href":"https:\/\/evowatt.ch\/de\/wp-json\/wp\/v2\/product\/47222","targetHints":{"allow":["GET"]}}],"collection":[{"href":"https:\/\/evowatt.ch\/de\/wp-json\/wp\/v2\/product"}],"about":[{"href":"https:\/\/evowatt.ch\/de\/wp-json\/wp\/v2\/types\/product"}],"version-history":[{"count":1,"href":"https:\/\/evowatt.ch\/de\/wp-json\/wp\/v2\/product\/47222\/revisions"}],"predecessor-version":[{"id":52844,"href":"https:\/\/evowatt.ch\/de\/wp-json\/wp\/v2\/product\/47222\/revisions\/52844"}],"wp:featuredmedia":[{"embeddable":true,"href":"https:\/\/evowatt.ch\/de\/wp-json\/wp\/v2\/media\/52841"}],"wp:attachment":[{"href":"https:\/\/evowatt.ch\/de\/wp-json\/wp\/v2\/media?parent=47222"}],"wp:term":[{"taxonomy":"product_brand","embeddable":true,"href":"https:\/\/evowatt.ch\/de\/wp-json\/wp\/v2\/product_brand?post=47222"},{"taxonomy":"product_cat","embeddable":true,"href":"https:\/\/evowatt.ch\/de\/wp-json\/wp\/v2\/product_cat?post=47222"},{"taxonomy":"product_tag","embeddable":true,"href":"https:\/\/evowatt.ch\/de\/wp-json\/wp\/v2\/product_tag?post=47222"}],"curies":[{"name":"wp","href":"https:\/\/api.w.org\/{rel}","templated":true}]}}