{"id":47186,"date":"2026-03-10T14:30:00","date_gmt":"2026-03-10T13:30:00","guid":{"rendered":"https:\/\/evowatt.ch\/produit\/goodwe-4g-kit-g20\/"},"modified":"2026-03-10T14:30:00","modified_gmt":"2026-03-10T13:30:00","slug":"goodwe-4g-kit-g20","status":"publish","type":"product","link":"https:\/\/evowatt.ch\/de\/produkt\/goodwe-4g-kit-g20\/","title":{"rendered":"GoodWe 4G Kit G20"},"content":{"rendered":"<p>Das GoodWe Smart Dongle 4G 2.0 Kit entspricht der Cybersicherheitsnorm EN 18031 und erm\u00f6glicht eine stabile und effiziente Fern\u00fcberwachung von Solaranlagen \u00fcber das 4G-Mobilfunknetz.<br \/>\n&#8211; Unterst\u00fctzt Bluetooth- und 4G-Kommunikation<br \/>\n&#8211; Unterst\u00fctzt nur einen Wechselrichter<br \/>\n&#8211; Kompatibel mit allen europ\u00e4ischen Mobilfunkbetreibern<br \/>\n&#8211; SIM-Karte nicht im Lieferumfang enthalten<br \/>\nminus<br \/>\nnicht im Lieferumfang enthalten<\/p>\n","protected":false},"excerpt":{"rendered":"<ul>\n<li><strong>Kategorie<\/strong>: Aufsicht\/\u00dcberwachung<\/li>\n<li><strong>Produktgarantie<\/strong>: 2 Jahre<\/li>\n<li><strong>Schutzklasse<\/strong>: IP66<\/li>\n<li><strong>L\u00e4nge<\/strong>: 48 mm<\/li>\n<li><strong>Breite<\/strong>: 33 mm<\/li>\n<li><strong>Dicke<\/strong>: 32 mm<\/li>\n<li><strong>Gewicht<\/strong>: 0.100 kg<\/li>\n<\/ul>\n","protected":false},"featured_media":47187,"template":"","meta":{"_acf_changed":false},"product_brand":[479],"product_cat":[392],"product_tag":[],"class_list":{"0":"post-47186","1":"product","2":"type-product","3":"status-publish","4":"has-post-thumbnail","6":"product_brand-goodwe-de-2","7":"product_cat-accessoires-2-de","10":"first","11":"instock","12":"downloadable","13":"taxable","14":"shipping-taxable","15":"product-type-simple"},"acf":[],"_links":{"self":[{"href":"https:\/\/evowatt.ch\/de\/wp-json\/wp\/v2\/product\/47186","targetHints":{"allow":["GET"]}}],"collection":[{"href":"https:\/\/evowatt.ch\/de\/wp-json\/wp\/v2\/product"}],"about":[{"href":"https:\/\/evowatt.ch\/de\/wp-json\/wp\/v2\/types\/product"}],"version-history":[{"count":0,"href":"https:\/\/evowatt.ch\/de\/wp-json\/wp\/v2\/product\/47186\/revisions"}],"wp:featuredmedia":[{"embeddable":true,"href":"https:\/\/evowatt.ch\/de\/wp-json\/wp\/v2\/media\/47187"}],"wp:attachment":[{"href":"https:\/\/evowatt.ch\/de\/wp-json\/wp\/v2\/media?parent=47186"}],"wp:term":[{"taxonomy":"product_brand","embeddable":true,"href":"https:\/\/evowatt.ch\/de\/wp-json\/wp\/v2\/product_brand?post=47186"},{"taxonomy":"product_cat","embeddable":true,"href":"https:\/\/evowatt.ch\/de\/wp-json\/wp\/v2\/product_cat?post=47186"},{"taxonomy":"product_tag","embeddable":true,"href":"https:\/\/evowatt.ch\/de\/wp-json\/wp\/v2\/product_tag?post=47186"}],"curies":[{"name":"wp","href":"https:\/\/api.w.org\/{rel}","templated":true}]}}