{"id":47154,"date":"2026-03-10T14:28:59","date_gmt":"2026-03-10T13:28:59","guid":{"rendered":"https:\/\/evowatt.ch\/produit\/goodwe-gw80k-et-g10-spd-i-ii-afci\/"},"modified":"2026-03-10T14:28:59","modified_gmt":"2026-03-10T13:28:59","slug":"goodwe-gw80k-et-g10-spd-i-ii-afci","status":"publish","type":"product","link":"https:\/\/evowatt.ch\/de\/produkt\/goodwe-gw80k-et-g10-spd-i-ii-afci\/","title":{"rendered":"GoodWe GW80K-ET-G10 SPD I\/II AFCI"},"content":{"rendered":"<p>Leistungsstarker Hybrid-Wechselrichter f\u00fcr den kommerziellen Bereich mit 8 MPP-Trackern und 2 separaten Batterieeing\u00e4ngen.<br \/>\n&#8211; 21 A pro String<br \/>\n&#8211; PV-\u00dcberdimensionierung von 200 %<br \/>\n&#8211; Notstromversorgung \u00fcber GoodWe Netzumschaltbox m\u00f6glich GW125K-STS-G10<br \/>\n&#8211; Kompatibel mit GoodWe BAT 112 kWh GW112.6-BAT<\/p>\n<p>Das WiFi\/LAN 2.0 Kit und der intelligente Z\u00e4hler GoodWe Smart Meter 3ph GM330 sind im Lieferumfang enthalten. Passende Stromwandler (Sekund\u00e4rstrom 5 A) m\u00fcssen separat bestellt werden.<br \/>\nweniger<br \/>\nivraison. Passende Stromwandler (Sekund\u00e4rstrom 5 A) m\u00fcssen separat bestellt werden.  <\/p>\n<p>Verf\u00fcgbar ab Ende des ersten Quartals 2026<\/p>\n","protected":false},"excerpt":{"rendered":"<ul>\n<li><strong>Kategorie<\/strong>: Hybrid-Wechselrichter<\/li>\n<li>Notstromsysteme<\/li>\n<li><strong>AC-Leistung<\/strong>: 80.00 kW<\/li>\n<li><strong>Netzanschluss<\/strong>: Dreiphasig, 400V<\/li>\n<li><strong>MPPT<\/strong>: 8<\/li>\n<li><strong>Eingang \u00fcber MPPT<\/strong>: 2<\/li>\n<li><strong>DC Blitzableiter<\/strong>: SPD 1+2<\/li>\n<li><strong>Blitzableiter AC<\/strong>: SPD 2<\/li>\n<\/ul>\n","protected":false},"featured_media":47156,"template":"","meta":{"_acf_changed":false},"product_brand":[479],"product_cat":[328],"product_tag":[],"class_list":{"0":"post-47154","1":"product","2":"type-product","3":"status-publish","4":"has-post-thumbnail","6":"product_brand-goodwe-de-2","7":"product_cat-wechselrichter","10":"first","11":"instock","12":"downloadable","13":"taxable","14":"shipping-taxable","15":"product-type-simple"},"acf":[],"_links":{"self":[{"href":"https:\/\/evowatt.ch\/de\/wp-json\/wp\/v2\/product\/47154","targetHints":{"allow":["GET"]}}],"collection":[{"href":"https:\/\/evowatt.ch\/de\/wp-json\/wp\/v2\/product"}],"about":[{"href":"https:\/\/evowatt.ch\/de\/wp-json\/wp\/v2\/types\/product"}],"version-history":[{"count":0,"href":"https:\/\/evowatt.ch\/de\/wp-json\/wp\/v2\/product\/47154\/revisions"}],"wp:featuredmedia":[{"embeddable":true,"href":"https:\/\/evowatt.ch\/de\/wp-json\/wp\/v2\/media\/47156"}],"wp:attachment":[{"href":"https:\/\/evowatt.ch\/de\/wp-json\/wp\/v2\/media?parent=47154"}],"wp:term":[{"taxonomy":"product_brand","embeddable":true,"href":"https:\/\/evowatt.ch\/de\/wp-json\/wp\/v2\/product_brand?post=47154"},{"taxonomy":"product_cat","embeddable":true,"href":"https:\/\/evowatt.ch\/de\/wp-json\/wp\/v2\/product_cat?post=47154"},{"taxonomy":"product_tag","embeddable":true,"href":"https:\/\/evowatt.ch\/de\/wp-json\/wp\/v2\/product_tag?post=47154"}],"curies":[{"name":"wp","href":"https:\/\/api.w.org\/{rel}","templated":true}]}}