{"id":47118,"date":"2026-03-10T14:27:18","date_gmt":"2026-03-10T13:27:18","guid":{"rendered":"https:\/\/evowatt.ch\/produit\/enphase-iq-energy-router-hems-gw-01\/"},"modified":"2026-03-10T14:27:18","modified_gmt":"2026-03-10T13:27:18","slug":"enphase-iq-energy-router-hems-gw-01","status":"publish","type":"product","link":"https:\/\/evowatt.ch\/de\/produkt\/enphase-iq-energy-router-hems-gw-01\/","title":{"rendered":"Enphase IQ Energy Router &#8211; HEMS-GW-01"},"content":{"rendered":"<p>Der IQ Energy Router integriert die Solar- und Speichersysteme von Enphase mit Ladestationen f\u00fcr Elektrofahrzeuge, um den Eigenverbrauch zu optimieren und die Kosten auf ein Minimum zu reduzieren.<br \/>\n&#8211; Steuerung der Ladestationen f\u00fcr Elektrofahrzeuge und anderer Ger\u00e4te \u00fcber eine App<br \/>\n&#8211; Unterst\u00fctzung von bis zu zwei Ladestationen f\u00fcr Elektrofahrzeuge<br \/>\nweniger<br \/>\nimum<\/p>\n<p>Die Inbetriebnahme des IQ Energy Router oder des IQ Energy Router+ erfordert eine Zertifizierung durch die Enphase University.<\/p>\n","protected":false},"excerpt":{"rendered":"<ul>\n<li><strong>Kategorie<\/strong>: Aufsicht\/\u00dcberwachung<\/li>\n<li><strong>Produktgarantie<\/strong>: 5 Jahre<\/li>\n<li><strong>L\u00e4nge<\/strong>: 97 mm<\/li>\n<li><strong>Breite<\/strong>: 96 mm<\/li>\n<li><strong>Dicke<\/strong>: 27 mm<\/li>\n<li><strong>Gewicht<\/strong>: 0.200 kg<\/li>\n<\/ul>\n","protected":false},"featured_media":47119,"template":"","meta":{"_acf_changed":false},"product_brand":[492],"product_cat":[433,207],"product_tag":[],"class_list":{"0":"post-47118","1":"product","2":"type-product","3":"status-publish","4":"has-post-thumbnail","6":"product_brand-enphase-de-2","7":"product_cat-enphase-batterie","8":"product_cat-enphase","11":"first","12":"instock","13":"downloadable","14":"taxable","15":"shipping-taxable","16":"product-type-simple"},"acf":[],"_links":{"self":[{"href":"https:\/\/evowatt.ch\/de\/wp-json\/wp\/v2\/product\/47118","targetHints":{"allow":["GET"]}}],"collection":[{"href":"https:\/\/evowatt.ch\/de\/wp-json\/wp\/v2\/product"}],"about":[{"href":"https:\/\/evowatt.ch\/de\/wp-json\/wp\/v2\/types\/product"}],"version-history":[{"count":0,"href":"https:\/\/evowatt.ch\/de\/wp-json\/wp\/v2\/product\/47118\/revisions"}],"wp:featuredmedia":[{"embeddable":true,"href":"https:\/\/evowatt.ch\/de\/wp-json\/wp\/v2\/media\/47119"}],"wp:attachment":[{"href":"https:\/\/evowatt.ch\/de\/wp-json\/wp\/v2\/media?parent=47118"}],"wp:term":[{"taxonomy":"product_brand","embeddable":true,"href":"https:\/\/evowatt.ch\/de\/wp-json\/wp\/v2\/product_brand?post=47118"},{"taxonomy":"product_cat","embeddable":true,"href":"https:\/\/evowatt.ch\/de\/wp-json\/wp\/v2\/product_cat?post=47118"},{"taxonomy":"product_tag","embeddable":true,"href":"https:\/\/evowatt.ch\/de\/wp-json\/wp\/v2\/product_tag?post=47118"}],"curies":[{"name":"wp","href":"https:\/\/api.w.org\/{rel}","templated":true}]}}