{"id":46890,"date":"2026-03-10T14:19:08","date_gmt":"2026-03-10T13:19:08","guid":{"rendered":"https:\/\/evowatt.ch\/produit\/enphase-mikro-wechselrichter-iq8p-72-2-int-480w-mc4\/"},"modified":"2026-03-10T14:19:08","modified_gmt":"2026-03-10T13:19:08","slug":"enphase-mikro-wechselrichter-iq8p-72-2-int-480w-mc4","status":"publish","type":"product","link":"https:\/\/evowatt.ch\/de\/produkt\/enphase-mikro-wechselrichter-iq8p-72-2-int-480w-mc4\/","title":{"rendered":"Enphase Mikro-Wechselrichter &#8211; IQ8P-72-2-INT (480W) MC4"},"content":{"rendered":"<p>Die leistungsf\u00e4higen Mikro-Wechselrichter der neuesten Generation von Enphase sind so konzipiert, dass sie sich f\u00fcr Photovoltaikmodule mit hoher Leistung eignen.<br \/>\nDie Mikro-Wechselrichter der IQ8-Serie verf\u00fcgen \u00fcber die h\u00f6chsten Standards f\u00fcr Energieerzeugung und Zuverl\u00e4ssigkeit in der Branche und erf\u00fcllen mit ihrer Schnellabschaltung die strengsten Sicherheitsstandards.<br \/>\nDaher kann Enphase die branchenweit beste Garantie von 25 Jahren anbieten, wenn die Ger\u00e4te mit dem IQ Gateway verbunden sind.<br \/>\nminus<br \/>\nwurden \u00fcber eine Million Stunden lang unter Spannung getestet, weshalb Enphase die branchenweit beste Garantie von 25 Jahren anbieten kann, wenn die Ger\u00e4te mit dem IQ Gateway verbunden sind.<\/p>\n<p>IQ8 Mikro-Wechselrichter k\u00f6nnen nicht mit fr\u00fcheren Generationen von Enphase Mikro-Wechselrichtern (IQ7 und fr\u00fcher) auf demselben IQ Gateway gemischt werden.<br \/>\nF\u00fcr die Konfiguration und Inbetriebnahme mit dem Enphase Gateway ist die Anwendung Enphase Installer &#8211; ab Version 3.28.0 &#8211; erforderlich.<br \/>\nF\u00fcr die Gew\u00e4hrleistung der physischen Trennvorrichtung (Schutz des Netzes und der Anlage) ist zus\u00e4tzlich das Q-Relais von Enphase erforderlich.<br \/>\nZubeh\u00f6r:<br \/>\n105.195.090 Enphase Q-Relais 1P-INT (einphasig)<br \/>\n105.195.092 Enphase Q-Relais 3P-INT (dreiphasig)<br \/>\nweniger<br \/>\nion des Netzes und der Anlage), ist zus\u00e4tzlich das Q-Relais von Enphase erforderlich.<br \/>\nZubeh\u00f6r :<br \/>\n105.195.090 Enphase Relais Q 1P-INT (einphasig)<br \/>\n105.195.092 Enphase Relais Q 3P-INT (dreiphasig)<\/p>\n","protected":false},"excerpt":{"rendered":"<ul>\n<li><strong>Kategorie<\/strong>: Mikro-Wechselrichter<\/li>\n<li><strong>Netzanschluss<\/strong>: Einphasig, 230V<\/li>\n<li><strong>MPPT<\/strong>: 1<\/li>\n<li><strong>Eingang \u00fcber MPPT<\/strong>: 1<\/li>\n<li><strong>DC-Blitzableiter<\/strong>: Nein<\/li>\n<li><strong>AC-Blitzableiter<\/strong>: Nein<\/li>\n<li><strong>Steckertyp<\/strong>: St\u00e4ubli MC4<\/li>\n<li><strong>AC-Trennschalter<\/strong>: Nein<\/li>\n<\/ul>\n","protected":false},"featured_media":46891,"template":"","meta":{"_acf_changed":false},"product_brand":[492],"product_cat":[384],"product_tag":[],"class_list":{"0":"post-46890","1":"product","2":"type-product","3":"status-publish","4":"has-post-thumbnail","6":"product_brand-enphase-de-2","7":"product_cat-mikro-wechselrichter","10":"first","11":"instock","12":"downloadable","13":"taxable","14":"shipping-taxable","15":"product-type-simple"},"acf":[],"_links":{"self":[{"href":"https:\/\/evowatt.ch\/de\/wp-json\/wp\/v2\/product\/46890","targetHints":{"allow":["GET"]}}],"collection":[{"href":"https:\/\/evowatt.ch\/de\/wp-json\/wp\/v2\/product"}],"about":[{"href":"https:\/\/evowatt.ch\/de\/wp-json\/wp\/v2\/types\/product"}],"version-history":[{"count":0,"href":"https:\/\/evowatt.ch\/de\/wp-json\/wp\/v2\/product\/46890\/revisions"}],"wp:featuredmedia":[{"embeddable":true,"href":"https:\/\/evowatt.ch\/de\/wp-json\/wp\/v2\/media\/46891"}],"wp:attachment":[{"href":"https:\/\/evowatt.ch\/de\/wp-json\/wp\/v2\/media?parent=46890"}],"wp:term":[{"taxonomy":"product_brand","embeddable":true,"href":"https:\/\/evowatt.ch\/de\/wp-json\/wp\/v2\/product_brand?post=46890"},{"taxonomy":"product_cat","embeddable":true,"href":"https:\/\/evowatt.ch\/de\/wp-json\/wp\/v2\/product_cat?post=46890"},{"taxonomy":"product_tag","embeddable":true,"href":"https:\/\/evowatt.ch\/de\/wp-json\/wp\/v2\/product_tag?post=46890"}],"curies":[{"name":"wp","href":"https:\/\/api.w.org\/{rel}","templated":true}]}}