{"id":46836,"date":"2026-03-10T14:17:13","date_gmt":"2026-03-10T13:17:13","guid":{"rendered":"https:\/\/evowatt.ch\/produit\/enphase-iq-combiner-2-eu-3p\/"},"modified":"2026-03-10T14:17:13","modified_gmt":"2026-03-10T13:17:13","slug":"enphase-iq-combiner-2-eu-3p","status":"publish","type":"product","link":"https:\/\/evowatt.ch\/de\/produkt\/enphase-iq-combiner-2-eu-3p\/","title":{"rendered":"Enphase IQ Combiner 2 EU 3P"},"content":{"rendered":"<p>Die IQ Combiner 2 EU 3P L\u00f6sung fasst die Verbindungsausr\u00fcstung in einem einzigen Geh\u00e4use zusammen und rationalisiert Solar- und Speicherinstallationen, wodurch die Installationszeit erheblich reduziert wird. Sie enth\u00e4lt das IQ Gateway Metered, zwei IQ Relays, ein Kommunikationsset 2, zwei 4-polige Leitungsschutzschalter, einen IQ Gateway Leitungsschutzschalter, einen Fehlerstromschutzschalter (FI) und Hilfskomponenten, die auf 3 DIN-Schienen montiert sind.<br \/>\nminus<br \/>\nIQ Gateway Leitungsschutzschalter, einen Fehlerstromschutzschalter (FI) und Hilfskomponenten, die auf 3 DIN-Schienen montiert sind. <\/p>\n<p>Kompatibel mit Enphase IQ Battery 5P<\/p>\n","protected":false},"excerpt":{"rendered":"<ul>\n<li><strong>Kategorie<\/strong>: Aufsicht\/\u00dcberwachung<\/li>\n<li>NA-Schutz<\/li>\n<li><strong>Produktgarantie<\/strong>: 5 Jahre<\/li>\n<li><strong>Schutzklasse<\/strong>: IP54<\/li>\n<li><strong>L\u00e4nge<\/strong>: 600 mm<\/li>\n<li><strong>Breite<\/strong>: 400 mm<\/li>\n<li><strong>Dicke<\/strong>: 132 mm<\/li>\n<li><strong>Gewicht<\/strong>: 12.000 kg<\/li>\n<\/ul>\n","protected":false},"featured_media":46838,"template":"","meta":{"_acf_changed":false},"product_brand":[492],"product_cat":[392],"product_tag":[],"class_list":{"0":"post-46836","1":"product","2":"type-product","3":"status-publish","4":"has-post-thumbnail","6":"product_brand-enphase-de-2","7":"product_cat-accessoires-2-de","10":"first","11":"instock","12":"downloadable","13":"taxable","14":"shipping-taxable","15":"product-type-simple"},"acf":[],"_links":{"self":[{"href":"https:\/\/evowatt.ch\/de\/wp-json\/wp\/v2\/product\/46836","targetHints":{"allow":["GET"]}}],"collection":[{"href":"https:\/\/evowatt.ch\/de\/wp-json\/wp\/v2\/product"}],"about":[{"href":"https:\/\/evowatt.ch\/de\/wp-json\/wp\/v2\/types\/product"}],"version-history":[{"count":0,"href":"https:\/\/evowatt.ch\/de\/wp-json\/wp\/v2\/product\/46836\/revisions"}],"wp:featuredmedia":[{"embeddable":true,"href":"https:\/\/evowatt.ch\/de\/wp-json\/wp\/v2\/media\/46838"}],"wp:attachment":[{"href":"https:\/\/evowatt.ch\/de\/wp-json\/wp\/v2\/media?parent=46836"}],"wp:term":[{"taxonomy":"product_brand","embeddable":true,"href":"https:\/\/evowatt.ch\/de\/wp-json\/wp\/v2\/product_brand?post=46836"},{"taxonomy":"product_cat","embeddable":true,"href":"https:\/\/evowatt.ch\/de\/wp-json\/wp\/v2\/product_cat?post=46836"},{"taxonomy":"product_tag","embeddable":true,"href":"https:\/\/evowatt.ch\/de\/wp-json\/wp\/v2\/product_tag?post=46836"}],"curies":[{"name":"wp","href":"https:\/\/api.w.org\/{rel}","templated":true}]}}