{"id":46736,"date":"2026-03-10T14:12:47","date_gmt":"2026-03-10T13:12:47","guid":{"rendered":"https:\/\/evowatt.ch\/produit\/enphase-q-stecker-q-conn-3p-10f\/"},"modified":"2026-03-10T14:12:47","modified_gmt":"2026-03-10T13:12:47","slug":"enphase-q-stecker-q-conn-3p-10f","status":"publish","type":"product","link":"https:\/\/evowatt.ch\/de\/produkt\/enphase-q-stecker-q-conn-3p-10f\/","title":{"rendered":"Enphase Q \/ Stecker (Q-CONN-3P-10F)"},"content":{"rendered":"<p>Selbstkonfektionierender Enphase-Steckverbinder, vor Ort konfektionierbar<br \/>\nErh\u00e4ltlich in Packungen zu 10 St\u00fcck.f\u00fcr 3-phasige Q-Kabel<\/p>\n<p>Geeignete Crimpzange: St\u00e4ubli Crimpzange PV-CZM-61100 MC4\/ EVO 2 (110.209.026)<\/p>\n","protected":false},"excerpt":{"rendered":"<ul>\n<li><strong>Kategorie<\/strong>: Zubeh\u00f6r<\/li>\n<li><strong>L\u00e4nge<\/strong>: 107 mm<\/li>\n<li><strong>Breite<\/strong>: 38 mm<\/li>\n<li><strong>Dicke<\/strong>: 38 mm<\/li>\n<li><strong>Gewicht<\/strong>: 0.100 kg<\/li>\n<\/ul>\n","protected":false},"featured_media":46738,"template":"","meta":{"_acf_changed":false},"product_brand":[492],"product_cat":[392],"product_tag":[],"class_list":{"0":"post-46736","1":"product","2":"type-product","3":"status-publish","4":"has-post-thumbnail","6":"product_brand-enphase-de-2","7":"product_cat-accessoires-2-de","10":"first","11":"instock","12":"downloadable","13":"taxable","14":"shipping-taxable","15":"product-type-simple"},"acf":[],"_links":{"self":[{"href":"https:\/\/evowatt.ch\/de\/wp-json\/wp\/v2\/product\/46736","targetHints":{"allow":["GET"]}}],"collection":[{"href":"https:\/\/evowatt.ch\/de\/wp-json\/wp\/v2\/product"}],"about":[{"href":"https:\/\/evowatt.ch\/de\/wp-json\/wp\/v2\/types\/product"}],"version-history":[{"count":0,"href":"https:\/\/evowatt.ch\/de\/wp-json\/wp\/v2\/product\/46736\/revisions"}],"wp:featuredmedia":[{"embeddable":true,"href":"https:\/\/evowatt.ch\/de\/wp-json\/wp\/v2\/media\/46738"}],"wp:attachment":[{"href":"https:\/\/evowatt.ch\/de\/wp-json\/wp\/v2\/media?parent=46736"}],"wp:term":[{"taxonomy":"product_brand","embeddable":true,"href":"https:\/\/evowatt.ch\/de\/wp-json\/wp\/v2\/product_brand?post=46736"},{"taxonomy":"product_cat","embeddable":true,"href":"https:\/\/evowatt.ch\/de\/wp-json\/wp\/v2\/product_cat?post=46736"},{"taxonomy":"product_tag","embeddable":true,"href":"https:\/\/evowatt.ch\/de\/wp-json\/wp\/v2\/product_tag?post=46736"}],"curies":[{"name":"wp","href":"https:\/\/api.w.org\/{rel}","templated":true}]}}