{"id":45856,"date":"2026-03-04T17:53:07","date_gmt":"2026-03-04T16:53:07","guid":{"rendered":"https:\/\/evowatt.ch\/produit\/byd-battery-box-premium-hvs-10-2-bcu-2-0\/"},"modified":"2026-03-04T17:53:07","modified_gmt":"2026-03-04T16:53:07","slug":"byd-battery-box-premium-hvs-10-2-bcu-2-0","status":"publish","type":"product","link":"https:\/\/evowatt.ch\/de\/produkt\/byd-battery-box-premium-hvs-10-2-bcu-2-0\/","title":{"rendered":"BYD Battery-Box Premium HVS 10.2 &#8211; BCU 2.0"},"content":{"rendered":"<p>Eine HVS Premium Battery-Box besteht aus 2 bis 5 HVS-Batteriemodulen, die in Reihe geschaltet werden, um eine Kapazit\u00e4t von 5,1 bis 12,8 kWh zu erreichen.<br \/>\nDurch Parallelschaltung von bis zu 3 identischen HVS Premium Battery-Boxen k\u00f6nnen Sie diese Kapazit\u00e4t auf maximal 38,4 kWh erh\u00f6hen.<br \/>\nDanach kann das System auch durch Hinzuf\u00fcgen weiterer HVS-Module oder paralleler HVS-T\u00fcrme erweitert werden.<br \/>\nweniger<\/p>\n<p>F\u00fcr die Parallelschaltung von 2 oder 3 T\u00fcrmen der Battery-Box Premium HVS \/ HVM ist in der Regel die Combiner Box BYD Premium HV erforderlich. Je nach Hersteller des Hybrid-Wechselrichters kann die Anzahl der zul\u00e4ssigen Umdrehungen variieren. Bitte beachten Sie die Hinweise des Herstellers des Hybrid-Wechselrichters.<\/p>\n","protected":false},"excerpt":{"rendered":"<ul>\n<li><strong>Kategorie<\/strong>: Gleichstrom-Akkumulator<\/li>\n<li><strong>Batteriekapazit\u00e4t<\/strong>: 10.24 kWh<\/li>\n<li><strong>Produktgarantie<\/strong>: 10 Jahre<\/li>\n<li><strong>Entladungstiefe<\/strong>: 100.00 %.<\/li>\n<li><strong>Batterietechnologie<\/strong>: Lithium-Eisenphosphat<\/li>\n<li><strong>Schutzklasse<\/strong>: IP55<\/li>\n<li><strong>Temperaturbereich<\/strong>: -10 \u00b0C bis +50 \u00b0C<\/li>\n<li><strong>Nennspannung DC<\/strong>: 409.00 V<\/li>\n<\/ul>\n","protected":false},"featured_media":45858,"template":"","meta":{"_acf_changed":false},"product_brand":[494],"product_cat":[358],"product_tag":[],"class_list":{"0":"post-45856","1":"product","2":"type-product","3":"status-publish","4":"has-post-thumbnail","6":"product_brand-byd-de-2","7":"product_cat-batterien","10":"first","11":"instock","12":"downloadable","13":"taxable","14":"shipping-taxable","15":"product-type-simple"},"acf":[],"_links":{"self":[{"href":"https:\/\/evowatt.ch\/de\/wp-json\/wp\/v2\/product\/45856","targetHints":{"allow":["GET"]}}],"collection":[{"href":"https:\/\/evowatt.ch\/de\/wp-json\/wp\/v2\/product"}],"about":[{"href":"https:\/\/evowatt.ch\/de\/wp-json\/wp\/v2\/types\/product"}],"version-history":[{"count":0,"href":"https:\/\/evowatt.ch\/de\/wp-json\/wp\/v2\/product\/45856\/revisions"}],"wp:featuredmedia":[{"embeddable":true,"href":"https:\/\/evowatt.ch\/de\/wp-json\/wp\/v2\/media\/45858"}],"wp:attachment":[{"href":"https:\/\/evowatt.ch\/de\/wp-json\/wp\/v2\/media?parent=45856"}],"wp:term":[{"taxonomy":"product_brand","embeddable":true,"href":"https:\/\/evowatt.ch\/de\/wp-json\/wp\/v2\/product_brand?post=45856"},{"taxonomy":"product_cat","embeddable":true,"href":"https:\/\/evowatt.ch\/de\/wp-json\/wp\/v2\/product_cat?post=45856"},{"taxonomy":"product_tag","embeddable":true,"href":"https:\/\/evowatt.ch\/de\/wp-json\/wp\/v2\/product_tag?post=45856"}],"curies":[{"name":"wp","href":"https:\/\/api.w.org\/{rel}","templated":true}]}}