{"id":45531,"date":"2026-03-04T17:39:10","date_gmt":"2026-03-04T16:39:10","guid":{"rendered":"https:\/\/evowatt.ch\/produit\/byd-battery-box-premium-hv-combiner-box-cbh-70a\/"},"modified":"2026-03-04T17:39:10","modified_gmt":"2026-03-04T16:39:10","slug":"byd-battery-box-premium-hv-combiner-box-cbh-70a","status":"publish","type":"product","link":"https:\/\/evowatt.ch\/de\/produkt\/byd-battery-box-premium-hv-combiner-box-cbh-70a\/","title":{"rendered":"BYD Battery-Box Premium HV Combiner Box CBH-70A"},"content":{"rendered":"<p>Kompatibel mit BYD HVS und HVM<\/p>\n<p>\u00dcberpr\u00fcfen Sie die Kompatibilit\u00e4t mit dem Hersteller des gew\u00fcnschten Wechselrichters.<\/p>\n","protected":false},"excerpt":{"rendered":"<ul>\n<li><strong>Kategorie<\/strong>: Zubeh\u00f6r<\/li>\n<li><strong>Schutzklasse<\/strong>: IP65<\/li>\n<li><strong>Nennspannung DC<\/strong>: 1&#8217;000.00 V<\/li>\n<li><strong>L\u00e4nge<\/strong>: 350 mm<\/li>\n<li><strong>Breite<\/strong>: 300 mm<\/li>\n<li><strong>Dicke<\/strong>: 114 mm<\/li>\n<li><strong>Gewicht<\/strong>: 8.000 kg<\/li>\n<\/ul>\n","protected":false},"featured_media":45532,"template":"","meta":{"_acf_changed":false},"product_brand":[494],"product_cat":[358],"product_tag":[],"class_list":{"0":"post-45531","1":"product","2":"type-product","3":"status-publish","4":"has-post-thumbnail","6":"product_brand-byd-de-2","7":"product_cat-batterien","10":"first","11":"instock","12":"downloadable","13":"taxable","14":"shipping-taxable","15":"product-type-simple"},"acf":[],"_links":{"self":[{"href":"https:\/\/evowatt.ch\/de\/wp-json\/wp\/v2\/product\/45531","targetHints":{"allow":["GET"]}}],"collection":[{"href":"https:\/\/evowatt.ch\/de\/wp-json\/wp\/v2\/product"}],"about":[{"href":"https:\/\/evowatt.ch\/de\/wp-json\/wp\/v2\/types\/product"}],"version-history":[{"count":0,"href":"https:\/\/evowatt.ch\/de\/wp-json\/wp\/v2\/product\/45531\/revisions"}],"wp:featuredmedia":[{"embeddable":true,"href":"https:\/\/evowatt.ch\/de\/wp-json\/wp\/v2\/media\/45532"}],"wp:attachment":[{"href":"https:\/\/evowatt.ch\/de\/wp-json\/wp\/v2\/media?parent=45531"}],"wp:term":[{"taxonomy":"product_brand","embeddable":true,"href":"https:\/\/evowatt.ch\/de\/wp-json\/wp\/v2\/product_brand?post=45531"},{"taxonomy":"product_cat","embeddable":true,"href":"https:\/\/evowatt.ch\/de\/wp-json\/wp\/v2\/product_cat?post=45531"},{"taxonomy":"product_tag","embeddable":true,"href":"https:\/\/evowatt.ch\/de\/wp-json\/wp\/v2\/product_tag?post=45531"}],"curies":[{"name":"wp","href":"https:\/\/api.w.org\/{rel}","templated":true}]}}