{"id":44751,"date":"2026-03-04T17:05:31","date_gmt":"2026-03-04T16:05:31","guid":{"rendered":"https:\/\/evowatt.ch\/produit\/solaredge-inline-energy-meter-3ph-se-mtr-240-3pc1-d-a-mw\/"},"modified":"2026-03-04T17:05:31","modified_gmt":"2026-03-04T16:05:31","slug":"solaredge-inline-energy-meter-3ph-se-mtr-240-3pc1-d-a-mw","status":"publish","type":"product","link":"https:\/\/evowatt.ch\/de\/produkt\/solaredge-inline-energy-meter-3ph-se-mtr-240-3pc1-d-a-mw\/","title":{"rendered":"SolarEdge Inline Energy Meter (3ph) SE-MTR-240-3PC1-D-A-MW"},"content":{"rendered":"<p>SolarEdge SolarEdge Energiez\u00e4hler f\u00fcr Messungen bis max. 65 A pro Phase F\u00fcr die drahtlose Kommunikation \u00fcber SolarEdge Energy Net (RS485 optional) <\/p>\n","protected":false},"excerpt":{"rendered":"<ul>\n<li><strong>Kategorie<\/strong>: Energiez\u00e4hler<\/li>\n<li><strong>Produktgarantie<\/strong>: 5 Jahre<\/li>\n<li><strong>L\u00e4nge<\/strong>: 90 mm<\/li>\n<li><strong>Breite<\/strong>: 72 mm<\/li>\n<li><strong>Dicke<\/strong>: 58 mm<\/li>\n<li><strong>Gewicht<\/strong>: 0.300 kg<\/li>\n<\/ul>\n","protected":false},"featured_media":44752,"template":"","meta":{"_acf_changed":false},"product_brand":[482],"product_cat":[277],"product_tag":[],"class_list":{"0":"post-44751","1":"product","2":"type-product","3":"status-publish","4":"has-post-thumbnail","6":"product_brand-solaredge-de","7":"product_cat-smart-meter","10":"first","11":"instock","12":"downloadable","13":"taxable","14":"shipping-taxable","15":"product-type-simple"},"acf":[],"_links":{"self":[{"href":"https:\/\/evowatt.ch\/de\/wp-json\/wp\/v2\/product\/44751","targetHints":{"allow":["GET"]}}],"collection":[{"href":"https:\/\/evowatt.ch\/de\/wp-json\/wp\/v2\/product"}],"about":[{"href":"https:\/\/evowatt.ch\/de\/wp-json\/wp\/v2\/types\/product"}],"version-history":[{"count":0,"href":"https:\/\/evowatt.ch\/de\/wp-json\/wp\/v2\/product\/44751\/revisions"}],"wp:featuredmedia":[{"embeddable":true,"href":"https:\/\/evowatt.ch\/de\/wp-json\/wp\/v2\/media\/44752"}],"wp:attachment":[{"href":"https:\/\/evowatt.ch\/de\/wp-json\/wp\/v2\/media?parent=44751"}],"wp:term":[{"taxonomy":"product_brand","embeddable":true,"href":"https:\/\/evowatt.ch\/de\/wp-json\/wp\/v2\/product_brand?post=44751"},{"taxonomy":"product_cat","embeddable":true,"href":"https:\/\/evowatt.ch\/de\/wp-json\/wp\/v2\/product_cat?post=44751"},{"taxonomy":"product_tag","embeddable":true,"href":"https:\/\/evowatt.ch\/de\/wp-json\/wp\/v2\/product_tag?post=44751"}],"curies":[{"name":"wp","href":"https:\/\/api.w.org\/{rel}","templated":true}]}}