{"id":44706,"date":"2026-03-04T17:03:50","date_gmt":"2026-03-04T16:03:50","guid":{"rendered":"https:\/\/evowatt.ch\/produit\/solaredge-se-ant-zbwifi-kit\/"},"modified":"2026-03-11T09:44:43","modified_gmt":"2026-03-11T08:44:43","slug":"solaredge-se-ant-zbwifi-kit","status":"publish","type":"product","link":"https:\/\/evowatt.ch\/de\/produkt\/solaredge-se-ant-zbwifi-kit\/","title":{"rendered":"SolarEdge SE-ANT-ZBWIFI-KIT"},"content":{"rendered":"<p>Die externe Antenne erm\u00f6glicht die kabellose Verbindung eines SolarEdge-Wechselrichters mit der SetApp-Konfiguration \u00fcber die \u00dcberwachungsplattform oder die Smart Energy-Ger\u00e4te.<\/p>\n","protected":false},"excerpt":{"rendered":"<ul>\n<li><strong>Kategorie<\/strong>: Schnittstellen\/Kommunikation<\/li>\n<li><strong>Produktgarantie<\/strong>: 5 Jahre<\/li>\n<li><strong>L\u00e4nge<\/strong>: 222 mm<\/li>\n<li><strong>Breite<\/strong>: 13 mm<\/li>\n<li><strong>Dicke<\/strong>: 13 mm<\/li>\n<li><strong>Gewicht<\/strong>: 0.050 kg<\/li>\n<\/ul>\n","protected":false},"featured_media":44708,"template":"","meta":{"_acf_changed":false},"product_brand":[482],"product_cat":[212],"product_tag":[],"class_list":{"0":"post-44706","1":"product","2":"type-product","3":"status-publish","4":"has-post-thumbnail","6":"product_brand-solaredge-de","7":"product_cat-accessoires-pour-onduleurs","10":"first","11":"instock","12":"downloadable","13":"taxable","14":"shipping-taxable","15":"product-type-simple"},"acf":[],"_links":{"self":[{"href":"https:\/\/evowatt.ch\/de\/wp-json\/wp\/v2\/product\/44706","targetHints":{"allow":["GET"]}}],"collection":[{"href":"https:\/\/evowatt.ch\/de\/wp-json\/wp\/v2\/product"}],"about":[{"href":"https:\/\/evowatt.ch\/de\/wp-json\/wp\/v2\/types\/product"}],"version-history":[{"count":0,"href":"https:\/\/evowatt.ch\/de\/wp-json\/wp\/v2\/product\/44706\/revisions"}],"wp:featuredmedia":[{"embeddable":true,"href":"https:\/\/evowatt.ch\/de\/wp-json\/wp\/v2\/media\/44708"}],"wp:attachment":[{"href":"https:\/\/evowatt.ch\/de\/wp-json\/wp\/v2\/media?parent=44706"}],"wp:term":[{"taxonomy":"product_brand","embeddable":true,"href":"https:\/\/evowatt.ch\/de\/wp-json\/wp\/v2\/product_brand?post=44706"},{"taxonomy":"product_cat","embeddable":true,"href":"https:\/\/evowatt.ch\/de\/wp-json\/wp\/v2\/product_cat?post=44706"},{"taxonomy":"product_tag","embeddable":true,"href":"https:\/\/evowatt.ch\/de\/wp-json\/wp\/v2\/product_tag?post=44706"}],"curies":[{"name":"wp","href":"https:\/\/api.w.org\/{rel}","templated":true}]}}