{"id":44584,"date":"2026-03-04T16:59:40","date_gmt":"2026-03-04T15:59:40","guid":{"rendered":"https:\/\/evowatt.ch\/produit\/solaredge-css-od-kabelverlaengerungsset\/"},"modified":"2026-03-04T16:59:40","modified_gmt":"2026-03-04T15:59:40","slug":"solaredge-css-od-kabelverlaengerungsset","status":"publish","type":"product","link":"https:\/\/evowatt.ch\/de\/produkt\/solaredge-css-od-kabelverlaengerungsset\/","title":{"rendered":"SolarEdge CSS-OD Kabelverl\u00e4ngerungsset"},"content":{"rendered":"<p>SolarEdge CSS-OD Kabelverl\u00e4ngerungssatz f\u00fcr die Parallelschaltung von zwei SolarEdge CSS &#8211; OD 102.4 kWh Batterieschr\u00e4nken mit einem SolarEdge PCS050 50 kW Batterie-Wechselrichter.<br \/>\nL\u00e4nge des DC-Kabels: 3.5 m<\/p>\n","protected":false},"excerpt":{"rendered":"<ul>\n<li><strong>Kategorie<\/strong>: Batteriekabel<\/li>\n<li><strong>L\u00e4nge<\/strong>: 400 mm<\/li>\n<li><strong>Breite<\/strong>: 300 mm<\/li>\n<li><strong>Dicke<\/strong>: 100 mm<\/li>\n<li><strong>Gewicht<\/strong>: 5.300 kg<\/li>\n<\/ul>\n","protected":false},"featured_media":44585,"template":"","meta":{"_acf_changed":false},"product_brand":[482],"product_cat":[231],"product_tag":[],"class_list":{"0":"post-44584","1":"product","2":"type-product","3":"status-publish","4":"has-post-thumbnail","6":"product_brand-solaredge-de","7":"product_cat-accessoires-pour-batterie","10":"first","11":"instock","12":"taxable","13":"shipping-taxable","14":"product-type-simple"},"acf":[],"_links":{"self":[{"href":"https:\/\/evowatt.ch\/de\/wp-json\/wp\/v2\/product\/44584","targetHints":{"allow":["GET"]}}],"collection":[{"href":"https:\/\/evowatt.ch\/de\/wp-json\/wp\/v2\/product"}],"about":[{"href":"https:\/\/evowatt.ch\/de\/wp-json\/wp\/v2\/types\/product"}],"version-history":[{"count":0,"href":"https:\/\/evowatt.ch\/de\/wp-json\/wp\/v2\/product\/44584\/revisions"}],"wp:featuredmedia":[{"embeddable":true,"href":"https:\/\/evowatt.ch\/de\/wp-json\/wp\/v2\/media\/44585"}],"wp:attachment":[{"href":"https:\/\/evowatt.ch\/de\/wp-json\/wp\/v2\/media?parent=44584"}],"wp:term":[{"taxonomy":"product_brand","embeddable":true,"href":"https:\/\/evowatt.ch\/de\/wp-json\/wp\/v2\/product_brand?post=44584"},{"taxonomy":"product_cat","embeddable":true,"href":"https:\/\/evowatt.ch\/de\/wp-json\/wp\/v2\/product_cat?post=44584"},{"taxonomy":"product_tag","embeddable":true,"href":"https:\/\/evowatt.ch\/de\/wp-json\/wp\/v2\/product_tag?post=44584"}],"curies":[{"name":"wp","href":"https:\/\/api.w.org\/{rel}","templated":true}]}}