{"id":44436,"date":"2026-03-04T16:54:18","date_gmt":"2026-03-04T15:54:18","guid":{"rendered":"https:\/\/evowatt.ch\/produit\/solaredge-home-bodenstaender\/"},"modified":"2026-03-04T16:54:18","modified_gmt":"2026-03-04T15:54:18","slug":"solaredge-home-bodenstaender","status":"publish","type":"product","link":"https:\/\/evowatt.ch\/de\/produkt\/solaredge-home-bodenstaender\/","title":{"rendered":"SolarEdge Home Bodenst\u00e4nder"},"content":{"rendered":"<p>Bodenst\u00fctze, um den Abstand zwischen der Batterie und dem Boden um 5 cm zu vergr\u00f6\u00dfern. Kann auch zur Nivellierung des Bodens verwendet werden. <\/p>\n","protected":false},"excerpt":{"rendered":"<ul>\n<li><strong>Kategorie<\/strong>: Zubeh\u00f6r<\/li>\n<li><strong>L\u00e4nge<\/strong>: 500 mm<\/li>\n<li><strong>Breite<\/strong>: 500 mm<\/li>\n<li><strong>Dicke<\/strong>: 300 mm<\/li>\n<li><strong>Gewicht<\/strong>: 5.000 kg<\/li>\n<\/ul>\n","protected":false},"featured_media":44440,"template":"","meta":{"_acf_changed":false},"product_brand":[482],"product_cat":[231],"product_tag":[],"class_list":{"0":"post-44436","1":"product","2":"type-product","3":"status-publish","4":"has-post-thumbnail","6":"product_brand-solaredge-de","7":"product_cat-accessoires-pour-batterie","10":"first","11":"instock","12":"taxable","13":"shipping-taxable","14":"product-type-simple"},"acf":[],"_links":{"self":[{"href":"https:\/\/evowatt.ch\/de\/wp-json\/wp\/v2\/product\/44436","targetHints":{"allow":["GET"]}}],"collection":[{"href":"https:\/\/evowatt.ch\/de\/wp-json\/wp\/v2\/product"}],"about":[{"href":"https:\/\/evowatt.ch\/de\/wp-json\/wp\/v2\/types\/product"}],"version-history":[{"count":0,"href":"https:\/\/evowatt.ch\/de\/wp-json\/wp\/v2\/product\/44436\/revisions"}],"wp:featuredmedia":[{"embeddable":true,"href":"https:\/\/evowatt.ch\/de\/wp-json\/wp\/v2\/media\/44440"}],"wp:attachment":[{"href":"https:\/\/evowatt.ch\/de\/wp-json\/wp\/v2\/media?parent=44436"}],"wp:term":[{"taxonomy":"product_brand","embeddable":true,"href":"https:\/\/evowatt.ch\/de\/wp-json\/wp\/v2\/product_brand?post=44436"},{"taxonomy":"product_cat","embeddable":true,"href":"https:\/\/evowatt.ch\/de\/wp-json\/wp\/v2\/product_cat?post=44436"},{"taxonomy":"product_tag","embeddable":true,"href":"https:\/\/evowatt.ch\/de\/wp-json\/wp\/v2\/product_tag?post=44436"}],"curies":[{"name":"wp","href":"https:\/\/api.w.org\/{rel}","templated":true}]}}