{"id":44418,"date":"2026-03-04T16:53:43","date_gmt":"2026-03-04T15:53:43","guid":{"rendered":"https:\/\/evowatt.ch\/produit\/solaredge-s1500-1gm4mbwd-mc4\/"},"modified":"2026-03-04T16:53:43","modified_gmt":"2026-03-04T15:53:43","slug":"solaredge-s1500-1gm4mbwd-mc4","status":"publish","type":"product","link":"https:\/\/evowatt.ch\/de\/produkt\/solaredge-s1500-1gm4mbwd-mc4\/","title":{"rendered":"SolarEdge S1500-1GM4MBWD (MC4)"},"content":{"rendered":"<p>SolarEdge Optimierer f\u00fcr kommerzielle Installationen.<br \/>\nUnterst\u00fctzt hocheffiziente Module bis 750 W und 20 A, einschlie\u00dflich zweifl\u00e4chiger und G12-Module<\/p>\n<p>L\u00e4nge des Ausgangskabels: 5.7 m (+) und 0.1 m (-)<br \/>\nL\u00e4nge des Eingangskabels: 0.1 m<\/p>\n","protected":false},"excerpt":{"rendered":"<ul>\n<li><strong>Kategorie<\/strong>: Optimizer<\/li>\n<li><strong>Produktgarantie<\/strong>: 25 Jahre<\/li>\n<li><strong>L\u00e4nge<\/strong>: 165 mm<\/li>\n<li><strong>Breite<\/strong>: 129 mm<\/li>\n<li><strong>Dicke<\/strong>: 52 mm<\/li>\n<li><strong>Gewicht<\/strong>: 1.087 kg<\/li>\n<\/ul>\n","protected":false},"featured_media":44419,"template":"","meta":{"_acf_changed":false},"product_brand":[482],"product_cat":[214],"product_tag":[],"class_list":{"0":"post-44418","1":"product","2":"type-product","3":"status-publish","4":"has-post-thumbnail","6":"product_brand-solaredge-de","7":"product_cat-optimiseur-de-puissance","10":"first","11":"instock","12":"downloadable","13":"taxable","14":"shipping-taxable","15":"product-type-simple"},"acf":[],"_links":{"self":[{"href":"https:\/\/evowatt.ch\/de\/wp-json\/wp\/v2\/product\/44418","targetHints":{"allow":["GET"]}}],"collection":[{"href":"https:\/\/evowatt.ch\/de\/wp-json\/wp\/v2\/product"}],"about":[{"href":"https:\/\/evowatt.ch\/de\/wp-json\/wp\/v2\/types\/product"}],"version-history":[{"count":0,"href":"https:\/\/evowatt.ch\/de\/wp-json\/wp\/v2\/product\/44418\/revisions"}],"wp:featuredmedia":[{"embeddable":true,"href":"https:\/\/evowatt.ch\/de\/wp-json\/wp\/v2\/media\/44419"}],"wp:attachment":[{"href":"https:\/\/evowatt.ch\/de\/wp-json\/wp\/v2\/media?parent=44418"}],"wp:term":[{"taxonomy":"product_brand","embeddable":true,"href":"https:\/\/evowatt.ch\/de\/wp-json\/wp\/v2\/product_brand?post=44418"},{"taxonomy":"product_cat","embeddable":true,"href":"https:\/\/evowatt.ch\/de\/wp-json\/wp\/v2\/product_cat?post=44418"},{"taxonomy":"product_tag","embeddable":true,"href":"https:\/\/evowatt.ch\/de\/wp-json\/wp\/v2\/product_tag?post=44418"}],"curies":[{"name":"wp","href":"https:\/\/api.w.org\/{rel}","templated":true}]}}