{"id":44309,"date":"2026-03-04T16:50:04","date_gmt":"2026-03-04T15:50:04","guid":{"rendered":"https:\/\/evowatt.ch\/produit\/solaredge-clc1-one-controller-kommerziell\/"},"modified":"2026-03-04T16:50:04","modified_gmt":"2026-03-04T15:50:04","slug":"solaredge-clc1-one-controller-kommerziell","status":"publish","type":"product","link":"https:\/\/evowatt.ch\/de\/produkt\/solaredge-clc1-one-controller-kommerziell\/","title":{"rendered":"SolarEdge CLC1 ONE Controller &#8211; Kommerziell"},"content":{"rendered":"<p>SolarEdge ONE Controller f\u00fcr gewerbliche Anlagen<br \/>\nLokales Kommunikationsgateway, das die Energiesysteme der Anlage miteinander verbindet, einschlie\u00dflich PV-Wechselrichtern, Batterien, Z\u00e4hlern und anderen Ger\u00e4ten.<br \/>\n&#8211; &#8211; Optimiert die Energienutzung<br \/>\n&#8211; Unterst\u00fctzt die Netzkonformit\u00e4t<br \/>\n&#8211; Erm\u00f6glicht die Steuerung der Batterien in Echtzeit (Speicherintegration)<br \/>\n&#8211; Cyber-Gateway f\u00fcr den Schutz vor unbefugtem Zugriff auf das System<br \/>\nminus<br \/>\nSpeicher)<br \/>\n&#8211; Cyber-Gateway f\u00fcr den Schutz vor unbefugtem Zugriff auf das System<\/p>\n","protected":false},"excerpt":{"rendered":"<ul>\n<li><strong>Kategorie<\/strong>: Verbraucherschutz<\/li>\n<li><strong>L\u00e4nge<\/strong>: 132 mm<\/li>\n<li><strong>Breite<\/strong>: 84 mm<\/li>\n<li><strong>Dicke<\/strong>: 25 mm<\/li>\n<li><strong>Gewicht<\/strong>: 0.550 kg<\/li>\n<\/ul>\n","protected":false},"featured_media":44311,"template":"","meta":{"_acf_changed":false},"product_brand":[482],"product_cat":[154],"product_tag":[],"class_list":{"0":"post-44309","1":"product","2":"type-product","3":"status-publish","4":"has-post-thumbnail","6":"product_brand-solaredge-de","7":"product_cat-accessoires-2","10":"first","11":"instock","12":"downloadable","13":"taxable","14":"shipping-taxable","15":"product-type-simple"},"acf":[],"_links":{"self":[{"href":"https:\/\/evowatt.ch\/de\/wp-json\/wp\/v2\/product\/44309","targetHints":{"allow":["GET"]}}],"collection":[{"href":"https:\/\/evowatt.ch\/de\/wp-json\/wp\/v2\/product"}],"about":[{"href":"https:\/\/evowatt.ch\/de\/wp-json\/wp\/v2\/types\/product"}],"version-history":[{"count":0,"href":"https:\/\/evowatt.ch\/de\/wp-json\/wp\/v2\/product\/44309\/revisions"}],"wp:featuredmedia":[{"embeddable":true,"href":"https:\/\/evowatt.ch\/de\/wp-json\/wp\/v2\/media\/44311"}],"wp:attachment":[{"href":"https:\/\/evowatt.ch\/de\/wp-json\/wp\/v2\/media?parent=44309"}],"wp:term":[{"taxonomy":"product_brand","embeddable":true,"href":"https:\/\/evowatt.ch\/de\/wp-json\/wp\/v2\/product_brand?post=44309"},{"taxonomy":"product_cat","embeddable":true,"href":"https:\/\/evowatt.ch\/de\/wp-json\/wp\/v2\/product_cat?post=44309"},{"taxonomy":"product_tag","embeddable":true,"href":"https:\/\/evowatt.ch\/de\/wp-json\/wp\/v2\/product_tag?post=44309"}],"curies":[{"name":"wp","href":"https:\/\/api.w.org\/{rel}","templated":true}]}}