{"id":44280,"date":"2026-03-04T16:49:03","date_gmt":"2026-03-04T15:49:03","guid":{"rendered":"https:\/\/evowatt.ch\/produit\/solaredge-se-ac-spd-i-5-stueck\/"},"modified":"2026-03-04T16:49:03","modified_gmt":"2026-03-04T15:49:03","slug":"solaredge-se-ac-spd-i-5-stueck","status":"publish","type":"product","link":"https:\/\/evowatt.ch\/de\/produkt\/solaredge-se-ac-spd-i-5-stueck\/","title":{"rendered":"SolarEdge SE-AC-SPD-I (5 St\u00fcck)"},"content":{"rendered":"<p>AC-\u00dcberspannungsschutz Typ II f\u00fcr SolarEdge SE25-33.3K-<br \/>\nmit Seriennummer *IBN*4<\/p>\n","protected":false},"excerpt":{"rendered":"<ul>\n<li><strong>Kategorie<\/strong>: AC-\u00dcberspannungsschutzger\u00e4t Typ II<\/li>\n<li><strong>L\u00e4nge<\/strong>: 85 mm<\/li>\n<li><strong>Breite<\/strong>: 53 mm<\/li>\n<li><strong>Dicke<\/strong>: 30 mm<\/li>\n<li><strong>Gewicht<\/strong>: 0.150 kg<\/li>\n<\/ul>\n","protected":false},"featured_media":44283,"template":"","meta":{"_acf_changed":false},"product_brand":[482],"product_cat":[154],"product_tag":[],"class_list":{"0":"post-44280","1":"product","2":"type-product","3":"status-publish","4":"has-post-thumbnail","6":"product_brand-solaredge-de","7":"product_cat-accessoires-2","10":"first","11":"instock","12":"downloadable","13":"taxable","14":"shipping-taxable","15":"product-type-simple"},"acf":[],"_links":{"self":[{"href":"https:\/\/evowatt.ch\/de\/wp-json\/wp\/v2\/product\/44280","targetHints":{"allow":["GET"]}}],"collection":[{"href":"https:\/\/evowatt.ch\/de\/wp-json\/wp\/v2\/product"}],"about":[{"href":"https:\/\/evowatt.ch\/de\/wp-json\/wp\/v2\/types\/product"}],"version-history":[{"count":0,"href":"https:\/\/evowatt.ch\/de\/wp-json\/wp\/v2\/product\/44280\/revisions"}],"wp:featuredmedia":[{"embeddable":true,"href":"https:\/\/evowatt.ch\/de\/wp-json\/wp\/v2\/media\/44283"}],"wp:attachment":[{"href":"https:\/\/evowatt.ch\/de\/wp-json\/wp\/v2\/media?parent=44280"}],"wp:term":[{"taxonomy":"product_brand","embeddable":true,"href":"https:\/\/evowatt.ch\/de\/wp-json\/wp\/v2\/product_brand?post=44280"},{"taxonomy":"product_cat","embeddable":true,"href":"https:\/\/evowatt.ch\/de\/wp-json\/wp\/v2\/product_cat?post=44280"},{"taxonomy":"product_tag","embeddable":true,"href":"https:\/\/evowatt.ch\/de\/wp-json\/wp\/v2\/product_tag?post=44280"}],"curies":[{"name":"wp","href":"https:\/\/api.w.org\/{rel}","templated":true}]}}