{"id":41566,"date":"2026-02-11T12:17:55","date_gmt":"2026-02-11T11:17:55","guid":{"rendered":"https:\/\/evowatt.ch\/produit\/sc-tc-8x300\/"},"modified":"2026-02-11T16:17:37","modified_gmt":"2026-02-11T15:17:37","slug":"sc-tc-8x300","status":"publish","type":"product","link":"https:\/\/evowatt.ch\/de\/produkt\/sc-tc-8x300\/","title":{"rendered":"SC TC 8X300"},"content":{"rendered":"<p>Die Solar-Holzschraube aus rostfreiem Stahl eignet sich zur Befestigung von Solaranlagen oder Dachhaken \u00fcber Sparrend\u00e4chern. Sie besteht aus zwei Holzgewinden, die eine Verschraubung auf Abstand gew\u00e4hrleisten. Die Konterlatte wird mit Hilfe des Gewindes unter dem Kopf befestigt und die Schrauben werden auf dem Dach befestigt. Alle Lasten werden \u00fcber das Gewinde direkt in den Sparren geleitet. Der flache Kopf der Schraube erm\u00f6glicht es, den Dachhaken b\u00fcndig und dauerhaft auf das Holz zu schrauben. Die Schraube hat ein 8 mm Gewinde mit Gewindel\u00e4ngen von 100 mm (lg) und 60 mm (lg2). Das Material ist rostfreier Stahl, die Oberfl\u00e4che ist blank.      <\/p>\n","protected":false},"excerpt":{"rendered":"<p>Die Solar-Holzschraube aus rostfreiem Stahl eignet sich zur Befestigung von Solaranlagen oder Dachhaken \u00fcber Sparrend\u00e4chern. Sie besteht aus zwei Holzgewinden, die eine Verschraubung auf Abstand gew\u00e4hrleisten. Die Konterlatte wird mit Hilfe des Gewindes unter dem Kopf befestigt und die Schrauben werden auf dem Dach befestigt. Alle Lasten werden \u00fcber das Gewinde direkt in den Sparren [&hellip;]<\/p>\n","protected":false},"featured_media":41612,"template":"","meta":{"_acf_changed":false},"product_brand":[615],"product_cat":[335],"product_tag":[],"class_list":{"0":"post-41566","1":"product","2":"type-product","3":"status-publish","4":"has-post-thumbnail","6":"product_brand-k2","7":"product_cat-montagesysteme","10":"first","11":"onbackorder","12":"taxable","13":"shipping-taxable","14":"product-type-simple"},"acf":[],"_links":{"self":[{"href":"https:\/\/evowatt.ch\/de\/wp-json\/wp\/v2\/product\/41566","targetHints":{"allow":["GET"]}}],"collection":[{"href":"https:\/\/evowatt.ch\/de\/wp-json\/wp\/v2\/product"}],"about":[{"href":"https:\/\/evowatt.ch\/de\/wp-json\/wp\/v2\/types\/product"}],"version-history":[{"count":0,"href":"https:\/\/evowatt.ch\/de\/wp-json\/wp\/v2\/product\/41566\/revisions"}],"wp:featuredmedia":[{"embeddable":true,"href":"https:\/\/evowatt.ch\/de\/wp-json\/wp\/v2\/media\/41612"}],"wp:attachment":[{"href":"https:\/\/evowatt.ch\/de\/wp-json\/wp\/v2\/media?parent=41566"}],"wp:term":[{"taxonomy":"product_brand","embeddable":true,"href":"https:\/\/evowatt.ch\/de\/wp-json\/wp\/v2\/product_brand?post=41566"},{"taxonomy":"product_cat","embeddable":true,"href":"https:\/\/evowatt.ch\/de\/wp-json\/wp\/v2\/product_cat?post=41566"},{"taxonomy":"product_tag","embeddable":true,"href":"https:\/\/evowatt.ch\/de\/wp-json\/wp\/v2\/product_tag?post=41566"}],"curies":[{"name":"wp","href":"https:\/\/api.w.org\/{rel}","templated":true}]}}