{"id":41560,"date":"2026-02-11T12:17:46","date_gmt":"2026-02-11T11:17:46","guid":{"rendered":"https:\/\/evowatt.ch\/produit\/distanzduebelschraube-10-x-270-mm-su30\/"},"modified":"2026-02-11T16:17:41","modified_gmt":"2026-02-11T15:17:41","slug":"distanzduebelschraube-10-x-270-mm-su30","status":"publish","type":"product","link":"https:\/\/evowatt.ch\/de\/produkt\/distanzduebelschraube-10-x-270-mm-su30\/","title":{"rendered":"DISTANZD\u00dcBELSCHRAUBE 10 X 270 MM (SU=30)"},"content":{"rendered":"<p>Spreizd\u00fcbelschrauben zur Befestigung der WallPV PerfoRail M Montageschiene an der Betonfassade mit oder ohne Isolierung. Verkaufseinheit 30 St\u00fcck Senkkopf inkl. D\u00fcbel Teilgewinde 100 mm Innensechskant 6 Oberfl\u00e4che: gebeizt, passiviert, gleitf\u00e4hig beschichtet Zulassung Z-21.2-2130 Material rostfreier Stahl A4. Hersteller : Reisser  <\/p>\n","protected":false},"excerpt":{"rendered":"<p>\u2714 Senkkopf inkl. D\u00fcbel Teilgewinde 100 mm Innensechskant 6 Oberfl\u00e4che: gebeizt, passiviert, Gleitbeschichtung Zulassung Z-21.2-2130 Material rostfreier Stahl A4. Hersteller : Reisser <\/p>\n","protected":false},"featured_media":41624,"template":"","meta":{"_acf_changed":false},"product_brand":[615],"product_cat":[335],"product_tag":[],"class_list":{"0":"post-41560","1":"product","2":"type-product","3":"status-publish","4":"has-post-thumbnail","6":"product_brand-k2","7":"product_cat-montagesysteme","10":"first","11":"onbackorder","12":"taxable","13":"shipping-taxable","14":"product-type-simple"},"acf":[],"_links":{"self":[{"href":"https:\/\/evowatt.ch\/de\/wp-json\/wp\/v2\/product\/41560","targetHints":{"allow":["GET"]}}],"collection":[{"href":"https:\/\/evowatt.ch\/de\/wp-json\/wp\/v2\/product"}],"about":[{"href":"https:\/\/evowatt.ch\/de\/wp-json\/wp\/v2\/types\/product"}],"version-history":[{"count":0,"href":"https:\/\/evowatt.ch\/de\/wp-json\/wp\/v2\/product\/41560\/revisions"}],"wp:featuredmedia":[{"embeddable":true,"href":"https:\/\/evowatt.ch\/de\/wp-json\/wp\/v2\/media\/41624"}],"wp:attachment":[{"href":"https:\/\/evowatt.ch\/de\/wp-json\/wp\/v2\/media?parent=41560"}],"wp:term":[{"taxonomy":"product_brand","embeddable":true,"href":"https:\/\/evowatt.ch\/de\/wp-json\/wp\/v2\/product_brand?post=41560"},{"taxonomy":"product_cat","embeddable":true,"href":"https:\/\/evowatt.ch\/de\/wp-json\/wp\/v2\/product_cat?post=41560"},{"taxonomy":"product_tag","embeddable":true,"href":"https:\/\/evowatt.ch\/de\/wp-json\/wp\/v2\/product_tag?post=41560"}],"curies":[{"name":"wp","href":"https:\/\/api.w.org\/{rel}","templated":true}]}}