{"id":41521,"date":"2026-02-11T12:16:49","date_gmt":"2026-02-11T11:16:49","guid":{"rendered":"https:\/\/evowatt.ch\/produit\/tiltup-vento-brace-558-2\/"},"modified":"2026-02-11T16:18:00","modified_gmt":"2026-02-11T15:18:00","slug":"tiltup-vento-brace-558-2","status":"publish","type":"product","link":"https:\/\/evowatt.ch\/de\/produkt\/tiltup-vento-brace-558-2\/","title":{"rendered":"TILTUP VENTO BRACE 558"},"content":{"rendered":"<p>R\u00fcckenschiene f\u00fcr das TiltUp Vento System. Material: Aluminium EN AW 6060 T6; L\u00e4nge: 558 mm <\/p>\n","protected":false},"excerpt":{"rendered":"<p>R\u00fcckenschiene f\u00fcr das TiltUp Vento System. Material: Aluminium EN AW 6060 T6; L\u00e4nge: 558 mm<\/p>\n","protected":false},"featured_media":41702,"template":"","meta":{"_acf_changed":false},"product_brand":[615],"product_cat":[335],"product_tag":[],"class_list":{"0":"post-41521","1":"product","2":"type-product","3":"status-publish","4":"has-post-thumbnail","6":"product_brand-k2","7":"product_cat-montagesysteme","10":"first","11":"onbackorder","12":"taxable","13":"shipping-taxable","14":"product-type-simple"},"acf":[],"_links":{"self":[{"href":"https:\/\/evowatt.ch\/de\/wp-json\/wp\/v2\/product\/41521","targetHints":{"allow":["GET"]}}],"collection":[{"href":"https:\/\/evowatt.ch\/de\/wp-json\/wp\/v2\/product"}],"about":[{"href":"https:\/\/evowatt.ch\/de\/wp-json\/wp\/v2\/types\/product"}],"version-history":[{"count":0,"href":"https:\/\/evowatt.ch\/de\/wp-json\/wp\/v2\/product\/41521\/revisions"}],"wp:featuredmedia":[{"embeddable":true,"href":"https:\/\/evowatt.ch\/de\/wp-json\/wp\/v2\/media\/41702"}],"wp:attachment":[{"href":"https:\/\/evowatt.ch\/de\/wp-json\/wp\/v2\/media?parent=41521"}],"wp:term":[{"taxonomy":"product_brand","embeddable":true,"href":"https:\/\/evowatt.ch\/de\/wp-json\/wp\/v2\/product_brand?post=41521"},{"taxonomy":"product_cat","embeddable":true,"href":"https:\/\/evowatt.ch\/de\/wp-json\/wp\/v2\/product_cat?post=41521"},{"taxonomy":"product_tag","embeddable":true,"href":"https:\/\/evowatt.ch\/de\/wp-json\/wp\/v2\/product_tag?post=41521"}],"curies":[{"name":"wp","href":"https:\/\/api.w.org\/{rel}","templated":true}]}}