{"id":41503,"date":"2026-02-11T12:16:17","date_gmt":"2026-02-11T11:16:17","guid":{"rendered":"https:\/\/evowatt.ch\/produit\/mft-fox-vi-140-m-6-5-11-su100\/"},"modified":"2026-02-11T16:18:10","modified_gmt":"2026-02-11T15:18:10","slug":"mft-fox-vi-140-m-6-5-11-su100","status":"publish","type":"product","link":"https:\/\/evowatt.ch\/de\/produkt\/mft-fox-vi-140-m-6-5-11-su100\/","title":{"rendered":"MFT-FOX VI 140 M 6.5\/11 (SU=100)"},"content":{"rendered":"<p>Die Fassadenkonsole ist eine vielseitige Wandkonsole, die in Kombination mit der K2 FacadeRail eine sichere Unterkonstruktion f\u00fcr die PV-Anlage an der Fassade des Geb\u00e4udes bietet. Die Konsole eignet sich sowohl f\u00fcr isolierte als auch f\u00fcr nicht isolierte Fassaden mit einem Verankerungsuntergrund aus Beton und Mauerwerk. Produktabmessungen (LxBxH): 140x53x80 mm Material: Aluminium EN AW 6063 T66 und Polypropylen  <\/p>\n","protected":false},"excerpt":{"rendered":"<p>\u2714 Produktabmessungen (LxBxH): 140x53x80 mm Material: Aluminium EN AW 6063 T66 und Polypropylen<\/p>\n","protected":false},"featured_media":41744,"template":"","meta":{"_acf_changed":false},"product_brand":[615],"product_cat":[335],"product_tag":[],"class_list":{"0":"post-41503","1":"product","2":"type-product","3":"status-publish","4":"has-post-thumbnail","6":"product_brand-k2","7":"product_cat-montagesysteme","10":"first","11":"onbackorder","12":"taxable","13":"shipping-taxable","14":"product-type-simple"},"acf":[],"_links":{"self":[{"href":"https:\/\/evowatt.ch\/de\/wp-json\/wp\/v2\/product\/41503","targetHints":{"allow":["GET"]}}],"collection":[{"href":"https:\/\/evowatt.ch\/de\/wp-json\/wp\/v2\/product"}],"about":[{"href":"https:\/\/evowatt.ch\/de\/wp-json\/wp\/v2\/types\/product"}],"version-history":[{"count":0,"href":"https:\/\/evowatt.ch\/de\/wp-json\/wp\/v2\/product\/41503\/revisions"}],"wp:featuredmedia":[{"embeddable":true,"href":"https:\/\/evowatt.ch\/de\/wp-json\/wp\/v2\/media\/41744"}],"wp:attachment":[{"href":"https:\/\/evowatt.ch\/de\/wp-json\/wp\/v2\/media?parent=41503"}],"wp:term":[{"taxonomy":"product_brand","embeddable":true,"href":"https:\/\/evowatt.ch\/de\/wp-json\/wp\/v2\/product_brand?post=41503"},{"taxonomy":"product_cat","embeddable":true,"href":"https:\/\/evowatt.ch\/de\/wp-json\/wp\/v2\/product_cat?post=41503"},{"taxonomy":"product_tag","embeddable":true,"href":"https:\/\/evowatt.ch\/de\/wp-json\/wp\/v2\/product_tag?post=41503"}],"curies":[{"name":"wp","href":"https:\/\/api.w.org\/{rel}","templated":true}]}}