{"id":41416,"date":"2026-02-11T12:14:05","date_gmt":"2026-02-11T11:14:05","guid":{"rendered":"https:\/\/evowatt.ch\/produit\/k2-buddy-topbox-set-snow\/"},"modified":"2026-02-11T13:14:19","modified_gmt":"2026-02-11T12:14:19","slug":"k2-buddy-topbox-set-snow","status":"publish","type":"product","link":"https:\/\/evowatt.ch\/de\/produkt\/k2-buddy-topbox-set-snow\/","title":{"rendered":"K2 BUDDY TOPBOX SET SNOW"},"content":{"rendered":"<p>Das K2 Buddy &#8211; TopBox Set Snow enth\u00e4lt zwei Einheiten von Schneesensoren, die die Schneelast auf einem PV-Modul genau messen. Diese Sensoren werden mit dem Dome Accessories Set mit dem Dome 6 System installiert und sind \u00fcber ein Kabel fest mit der TopBox verbunden. Die Schneesensoren werden links und rechts unter den unteren Ecken eines PV-Moduls platziert. Die TopBox wertet die Messwerte aus und \u00fcbertr\u00e4gt sie per Kabel an die K2 Buddy &#8211; BaseBox. Die Stromversorgung (24 V) erfolgt ebenfalls \u00fcber das gleiche Kabel. Das K2 Buddy System besteht aus den folgenden Artikeln: K2 Buddy BaseBox Set (6356477) K2 Buddy Dome Accessories Set (6356481) K2 Buddy TopBox Set (6356479) K2 Buddy Dome Profile Set 30mm (6356482).     <\/p>\n","protected":false},"excerpt":{"rendered":"<p>\u2714 K2 Buddy BaseBox Set (6356477) K2 Buddy Dome Accessories Set (6356481) K2 Buddy TopBox Set (6356479) K2 Buddy Dome Profile Set 30mm (6356482)<\/p>\n","protected":false},"featured_media":41906,"template":"","meta":{"_acf_changed":false},"product_brand":[615],"product_cat":[335],"product_tag":[],"class_list":{"0":"post-41416","1":"product","2":"type-product","3":"status-publish","4":"has-post-thumbnail","6":"product_brand-k2","7":"product_cat-montagesysteme","10":"first","11":"onbackorder","12":"taxable","13":"shipping-taxable","14":"product-type-simple"},"acf":[],"_links":{"self":[{"href":"https:\/\/evowatt.ch\/de\/wp-json\/wp\/v2\/product\/41416","targetHints":{"allow":["GET"]}}],"collection":[{"href":"https:\/\/evowatt.ch\/de\/wp-json\/wp\/v2\/product"}],"about":[{"href":"https:\/\/evowatt.ch\/de\/wp-json\/wp\/v2\/types\/product"}],"version-history":[{"count":0,"href":"https:\/\/evowatt.ch\/de\/wp-json\/wp\/v2\/product\/41416\/revisions"}],"wp:featuredmedia":[{"embeddable":true,"href":"https:\/\/evowatt.ch\/de\/wp-json\/wp\/v2\/media\/41906"}],"wp:attachment":[{"href":"https:\/\/evowatt.ch\/de\/wp-json\/wp\/v2\/media?parent=41416"}],"wp:term":[{"taxonomy":"product_brand","embeddable":true,"href":"https:\/\/evowatt.ch\/de\/wp-json\/wp\/v2\/product_brand?post=41416"},{"taxonomy":"product_cat","embeddable":true,"href":"https:\/\/evowatt.ch\/de\/wp-json\/wp\/v2\/product_cat?post=41416"},{"taxonomy":"product_tag","embeddable":true,"href":"https:\/\/evowatt.ch\/de\/wp-json\/wp\/v2\/product_tag?post=41416"}],"curies":[{"name":"wp","href":"https:\/\/api.w.org\/{rel}","templated":true}]}}