{"id":41413,"date":"2026-02-11T12:14:01","date_gmt":"2026-02-11T11:14:01","guid":{"rendered":"https:\/\/evowatt.ch\/produit\/n-rack-2-20-cs-kit\/"},"modified":"2026-02-11T16:18:52","modified_gmt":"2026-02-11T15:18:52","slug":"n-rack-2-20-cs-kit","status":"publish","type":"product","link":"https:\/\/evowatt.ch\/de\/produkt\/n-rack-2-20-cs-kit\/","title":{"rendered":"N-RACK 2.20 CS KIT"},"content":{"rendered":"<p>Das N-Rack Kit eignet sich f\u00fcr kleine Freilandprojekte und Off-Grid-Installationen auf Betonfundamenten. Komponenten f\u00fcr die Montage von 2 x 12 PV-Modulen. L\u00e4nge der Module bis zu 1.905 mm. Ausgelegt f\u00fcr eine Schneelast von bis zu 1,75 kN\/m\u00b2 und eine Windlast von bis zu 0,67 kN\/m\u00b2. Bitte beachten Sie: Das Betonfundament muss vor Ort bereitgestellt oder von Ihnen erstellt werden. Befolgen Sie dazu die Hinweise in der Installationsanleitung.     <\/p>\n","protected":false},"excerpt":{"rendered":"<p>\u2714 Komponenten f\u00fcr die Montage von 2 x 12 PV-Modulen. L\u00e4nge der Module bis zu 1.905 mm. Ausgelegt f\u00fcr eine Schneelast von bis zu 1,75 kN\/m\u00b2 und eine Windlast von bis zu 0,67 kN\/m\u00b2.  <\/p>\n","protected":false},"featured_media":41912,"template":"","meta":{"_acf_changed":false},"product_brand":[615],"product_cat":[335],"product_tag":[],"class_list":{"0":"post-41413","1":"product","2":"type-product","3":"status-publish","4":"has-post-thumbnail","6":"product_brand-k2","7":"product_cat-montagesysteme","10":"first","11":"onbackorder","12":"taxable","13":"shipping-taxable","14":"product-type-simple"},"acf":[],"_links":{"self":[{"href":"https:\/\/evowatt.ch\/de\/wp-json\/wp\/v2\/product\/41413","targetHints":{"allow":["GET"]}}],"collection":[{"href":"https:\/\/evowatt.ch\/de\/wp-json\/wp\/v2\/product"}],"about":[{"href":"https:\/\/evowatt.ch\/de\/wp-json\/wp\/v2\/types\/product"}],"version-history":[{"count":0,"href":"https:\/\/evowatt.ch\/de\/wp-json\/wp\/v2\/product\/41413\/revisions"}],"wp:featuredmedia":[{"embeddable":true,"href":"https:\/\/evowatt.ch\/de\/wp-json\/wp\/v2\/media\/41912"}],"wp:attachment":[{"href":"https:\/\/evowatt.ch\/de\/wp-json\/wp\/v2\/media?parent=41413"}],"wp:term":[{"taxonomy":"product_brand","embeddable":true,"href":"https:\/\/evowatt.ch\/de\/wp-json\/wp\/v2\/product_brand?post=41413"},{"taxonomy":"product_cat","embeddable":true,"href":"https:\/\/evowatt.ch\/de\/wp-json\/wp\/v2\/product_cat?post=41413"},{"taxonomy":"product_tag","embeddable":true,"href":"https:\/\/evowatt.ch\/de\/wp-json\/wp\/v2\/product_tag?post=41413"}],"curies":[{"name":"wp","href":"https:\/\/api.w.org\/{rel}","templated":true}]}}