{"id":41404,"date":"2026-02-11T12:13:48","date_gmt":"2026-02-11T11:13:48","guid":{"rendered":"https:\/\/evowatt.ch\/produit\/k2-buddy-dome-profile-set-30mm\/"},"modified":"2026-02-11T13:14:29","modified_gmt":"2026-02-11T12:14:29","slug":"k2-buddy-dome-profile-set-30mm","status":"publish","type":"product","link":"https:\/\/evowatt.ch\/de\/produkt\/k2-buddy-dome-profile-set-30mm\/","title":{"rendered":"K2 BUDDY DOME PROFILE SET 30MM"},"content":{"rendered":"<p>Montageschienen-Set f\u00fcr die Montage des K2 Buddy. Dieses Set enth\u00e4lt zwei 1,30 m lange BasicRail-Schienen und ein 1,30 m langes Verst\u00e4rkungsprofil f\u00fcr die Montage am Modulrahmen. Die beiden zus\u00e4tzlichen BasicRail Montageschienen sind f\u00fcr die Montage des K2 Buddy erforderlich. Das Versteifungsprofil dient zur Stabilisierung und Verst\u00e4rkung der Rahmenstruktur. Das K2 Buddy System besteht aus den folgenden Artikeln: K2 Buddy BaseBox Set (6356477) K2 Buddy Dome Accessories Set (6356481) K2 Buddy TopBox Set (6356479) K2 Buddy Dome Profile Set 30mm (6356482)    <\/p>\n","protected":false},"excerpt":{"rendered":"<p>\u2714 K2 Buddy BaseBox Set (6356477) K2 Buddy Dome Accessories Set (6356481) K2 Buddy TopBox Set (6356479) K2 Buddy Dome Profile Set 30mm (6356482)<\/p>\n","protected":false},"featured_media":41930,"template":"","meta":{"_acf_changed":false},"product_brand":[615],"product_cat":[335],"product_tag":[],"class_list":{"0":"post-41404","1":"product","2":"type-product","3":"status-publish","4":"has-post-thumbnail","6":"product_brand-k2","7":"product_cat-montagesysteme","10":"first","11":"onbackorder","12":"taxable","13":"shipping-taxable","14":"product-type-simple"},"acf":[],"_links":{"self":[{"href":"https:\/\/evowatt.ch\/de\/wp-json\/wp\/v2\/product\/41404","targetHints":{"allow":["GET"]}}],"collection":[{"href":"https:\/\/evowatt.ch\/de\/wp-json\/wp\/v2\/product"}],"about":[{"href":"https:\/\/evowatt.ch\/de\/wp-json\/wp\/v2\/types\/product"}],"version-history":[{"count":0,"href":"https:\/\/evowatt.ch\/de\/wp-json\/wp\/v2\/product\/41404\/revisions"}],"wp:featuredmedia":[{"embeddable":true,"href":"https:\/\/evowatt.ch\/de\/wp-json\/wp\/v2\/media\/41930"}],"wp:attachment":[{"href":"https:\/\/evowatt.ch\/de\/wp-json\/wp\/v2\/media?parent=41404"}],"wp:term":[{"taxonomy":"product_brand","embeddable":true,"href":"https:\/\/evowatt.ch\/de\/wp-json\/wp\/v2\/product_brand?post=41404"},{"taxonomy":"product_cat","embeddable":true,"href":"https:\/\/evowatt.ch\/de\/wp-json\/wp\/v2\/product_cat?post=41404"},{"taxonomy":"product_tag","embeddable":true,"href":"https:\/\/evowatt.ch\/de\/wp-json\/wp\/v2\/product_tag?post=41404"}],"curies":[{"name":"wp","href":"https:\/\/api.w.org\/{rel}","templated":true}]}}