{"id":41353,"date":"2026-02-11T12:12:33","date_gmt":"2026-02-11T11:12:33","guid":{"rendered":"https:\/\/evowatt.ch\/produit\/gr-brace-598\/"},"modified":"2026-02-11T16:19:21","modified_gmt":"2026-02-11T15:19:21","slug":"gr-brace-598","status":"publish","type":"product","link":"https:\/\/evowatt.ch\/de\/produkt\/gr-brace-598\/","title":{"rendered":"GR BRACE 598"},"content":{"rendered":"<p>Kompatibel mit dem GreenRoof Vento Tr\u00e4ger mit: Modulneigung: 10\u00b0 Modulanordnung: Hoch- oder Querformat (Klemmung an der kurzen Seite des Moduls) H\u00f6he \u00fcber dem Substrat: ca. 40cm L\u00e4nge des Tr\u00e4gers: 598mm Zul\u00e4ssige Modulabmessungen: Hochformat: 1600 &#8211; 1800 \u00d7 990 &#8211; 1200 \u00d7 25 &#8211; 50 mm Querformat: 1600 &#8211; 2100 \u00d7 990 &#8211; 1200 \u00d7 25 &#8211; 50 mm<\/p>\n","protected":false},"excerpt":{"rendered":"<p>\u2714 Modulneigung: 10\u00b0 Modulanordnung: Hoch- oder Querformat (Klemmung an der kurzen Seite des Moduls) H\u00f6he \u00fcber dem Substrat: ca. 40cm L\u00e4nge des Balkens: 598mm Zul\u00e4ssige Modulabmessungen :<\/p>\n","protected":false},"featured_media":42032,"template":"","meta":{"_acf_changed":false},"product_brand":[615],"product_cat":[335],"product_tag":[],"class_list":{"0":"post-41353","1":"product","2":"type-product","3":"status-publish","4":"has-post-thumbnail","6":"product_brand-k2","7":"product_cat-montagesysteme","10":"first","11":"onbackorder","12":"taxable","13":"shipping-taxable","14":"product-type-simple"},"acf":[],"_links":{"self":[{"href":"https:\/\/evowatt.ch\/de\/wp-json\/wp\/v2\/product\/41353","targetHints":{"allow":["GET"]}}],"collection":[{"href":"https:\/\/evowatt.ch\/de\/wp-json\/wp\/v2\/product"}],"about":[{"href":"https:\/\/evowatt.ch\/de\/wp-json\/wp\/v2\/types\/product"}],"version-history":[{"count":0,"href":"https:\/\/evowatt.ch\/de\/wp-json\/wp\/v2\/product\/41353\/revisions"}],"wp:featuredmedia":[{"embeddable":true,"href":"https:\/\/evowatt.ch\/de\/wp-json\/wp\/v2\/media\/42032"}],"wp:attachment":[{"href":"https:\/\/evowatt.ch\/de\/wp-json\/wp\/v2\/media?parent=41353"}],"wp:term":[{"taxonomy":"product_brand","embeddable":true,"href":"https:\/\/evowatt.ch\/de\/wp-json\/wp\/v2\/product_brand?post=41353"},{"taxonomy":"product_cat","embeddable":true,"href":"https:\/\/evowatt.ch\/de\/wp-json\/wp\/v2\/product_cat?post=41353"},{"taxonomy":"product_tag","embeddable":true,"href":"https:\/\/evowatt.ch\/de\/wp-json\/wp\/v2\/product_tag?post=41353"}],"curies":[{"name":"wp","href":"https:\/\/api.w.org\/{rel}","templated":true}]}}